{"id":16,"date":"2015-04-29T08:29:42","date_gmt":"2015-04-29T08:29:42","guid":{"rendered":"http:\/\/demos.artbees.net\/jupiter5\/kale\/?page_id=16"},"modified":"2021-03-02T12:41:44","modified_gmt":"2021-03-02T12:41:44","slug":"contato","status":"publish","type":"page","link":"https:\/\/julieradiestesia.com\/es\/contato\/","title":{"rendered":"Contacto"},"content":{"rendered":"<div class=\"wpb-content-wrapper\"><div class=\"mk-page-section-wrapper\" data-mk-full-width=\"true\" data-mk-full-width-init=\"true\" data-mk-stretch-content=\"true\">\r\n\t<div id=\"page-section-1\" class=\"mk-page-section self-hosted   full_layout full-width-1 js-el js-master-row jupiter-donut-   \"    data-intro-effect=\"false\">\r\n\r\n\t\t\t\r\n\t\t\t<div class=\"mk-page-section-inner\">\r\n\t\t\t\t\t<div class=\"mk-video-mask\"><\/div>\r\n\r\n\r\n\r\n<div class=\"mk-video-color-mask\"><\/div>\r\n\r\n\t\t\t\t\r\n\t\t\t\t\r\n\t\r\n\t<div class=\"background-layer-holder\">\r\n\t\t<div id=\"background-layer--1\" data-mk-lazyload=\"false\" class=\"background-layer mk-background-stretch none-blend-effect js-el\"    data-mk-img-set='{\"landscape\":{\"desktop\":\"https:\/\/julieradiestesia.com\/wp-content\/uploads\/2020\/05\/rr2.png\",\"tablet\":\"https:\/\/julieradiestesia.com\/wp-content\/uploads\/2020\/05\/rr2.png\",\"mobile\":\"https:\/\/julieradiestesia.com\/wp-content\/uploads\/2020\/05\/rr2-736x414.png\"},\"responsive\":\"true\"}' >\r\n\t\t\t\t\t\t\t\t\t<div class=\"mk-color-layer\"><\/div>\r\n\t\t<\/div>\r\n\t<\/div>\r\n\r\n\t\t\t<\/div>\r\n\r\n\t\t\t\r\n        <div class=\"page-section-content vc_row-fluid mk-grid \" >\r\n            <div class=\"mk-padding-wrapper wpb_row\">\r\n<div class=\"vc_col-sm-6 wpb_column column_container  jupiter-donut- _ jupiter-donut-height-full\">\r\n\t<\/div>\r\n\r\n<div class=\"vc_col-sm-6 wpb_column column_container  jupiter-donut- _ jupiter-donut-height-full\">\r\n\t\r\n<div id=\"padding-4\" class=\"mk-padding-divider jupiter-donut-  jupiter-donut-clearfix\"><\/div>\r\n\r\n\r\n<h2 id=\"fancy-title-5\" class=\"mk-fancy-title  simple-style jupiter-donut-  color-single\">\r\n\t<span>\r\n\t\t\t\t<p>ENTRE EM<\/p>\n<p>CONTATO<\/p>\n\t\t\t<\/span>\r\n<\/h2>\r\n<div class=\"clearboth\"><\/div>\r\n\r\n\r\n\r\n<\/div>\r\n<\/div>\r\n            <div class=\"clearboth\"><\/div>\r\n        <\/div>\r\n\r\n\r\n\t\t\t\r\n\t\t\t\r\n\t\t\t\r\n\t\t<div class=\"clearboth\"><\/div>\r\n\t<\/div>\r\n<\/div>\r\n<div class=\"vc_row-full-width vc_clearfix\"><\/div>\r\n\r\n\r\n<div  data-mk-stretch-content=\"true\" class=\"wpb_row vc_row vc_row-fluid jupiter-donut- mk-fullwidth-false  attched-false    vc_custom_1591105890789  js-master-row  mk-grid\">\r\n\t\t\t\t\r\n<div class=\"vc_col-sm-6 wpb_column column_container  jupiter-donut- _ jupiter-donut-height-full\">\r\n\t\r\n<div id=\"padding-7\" class=\"mk-padding-divider jupiter-donut-  jupiter-donut-clearfix\"><\/div>\r\n\r\n<\/div>\r\n\r\n<div class=\"vc_col-sm-6 wpb_column column_container  jupiter-donut- _ jupiter-donut-height-full\">\r\n\t\r\n<div id=\"padding-9\" class=\"mk-padding-divider jupiter-donut-  jupiter-donut-clearfix\"><\/div>\r\n\r\n<\/div>\r\n\t<\/div>\r\n\r\n<div  data-mk-stretch-content=\"true\" class=\"wpb_row vc_row vc_row-fluid jupiter-donut- mk-fullwidth-false  attched-false    vc_custom_1591105890789  js-master-row  mk-grid\">\r\n\t\t\t\t\r\n<div class=\"vc_col-sm-6 wpb_column column_container  jupiter-donut- _ jupiter-donut-height-full\">\r\n\t\r\n<div class=\"widget_contact_info mk-contactinfo-shortcode a_margin-bottom-20 jupiter-donut-  \" itemscope=\"itemscope\" itemtype=\"https:\/\/schema.org\/Person\" >\r\n\r\n\t\t    <h3 class=\"shortcode-heading mk-fancy-title  pattern-style align-left \"><span>Informa\u00e7\u00f5es<\/span><\/h3>\r\n\t<ul>\r\n\t\t\r\n\t\t\r\n\t\t\t\t\t<li><i><svg  class=\"mk-svg-icon\" data-name=\"mk-icon-home\" data-cacheid=\"icon-69eb9d52175dc\" style=\" height:16px; width: 14.857142857143px; \"  xmlns=\"http:\/\/www.w3.org\/2000\/svg\" viewBox=\"0 0 1664 1792\"><path d=\"M1408 992v480q0 26-19 45t-45 19h-384v-384h-256v384h-384q-26 0-45-19t-19-45v-480q0-1 .5-3t.5-3l575-474 575 474q1 2 1 6zm223-69l-62 74q-8 9-21 11h-3q-13 0-21-7l-692-577-692 577q-12 8-24 7-13-2-21-11l-62-74q-8-10-7-23.5t11-21.5l719-599q32-26 76-26t76 26l244 204v-195q0-14 9-23t23-9h192q14 0 23 9t9 23v408l219 182q10 8 11 21.5t-7 23.5z\"\/><\/svg><\/i><span itemprop=\"address\" itemscope=\"\" itemtype=\"http:\/\/schema.org\/PostalAddress\">Rua 2850, 171 - Centro, Balne\u00e1rio Cambori\u00fa - SC<\/span><\/li>\r\n\t\t\r\n\t\t\t\t\t<li><i><svg  class=\"mk-svg-icon\" data-name=\"mk-icon-phone\" data-cacheid=\"icon-69eb9d52177fb\" style=\" height:16px; width: 12.571428571429px; \"  xmlns=\"http:\/\/www.w3.org\/2000\/svg\" viewBox=\"0 0 1408 1792\"><path d=\"M1408 1240q0 27-10 70.5t-21 68.5q-21 50-122 106-94 51-186 51-27 0-52.5-3.5t-57.5-12.5-47.5-14.5-55.5-20.5-49-18q-98-35-175-83-128-79-264.5-215.5t-215.5-264.5q-48-77-83-175-3-9-18-49t-20.5-55.5-14.5-47.5-12.5-57.5-3.5-52.5q0-92 51-186 56-101 106-122 25-11 68.5-21t70.5-10q14 0 21 3 18 6 53 76 11 19 30 54t35 63.5 31 53.5q3 4 17.5 25t21.5 35.5 7 28.5q0 20-28.5 50t-62 55-62 53-28.5 46q0 9 5 22.5t8.5 20.5 14 24 11.5 19q76 137 174 235t235 174q2 1 19 11.5t24 14 20.5 8.5 22.5 5q18 0 46-28.5t53-62 55-62 50-28.5q14 0 28.5 7t35.5 21.5 25 17.5q25 15 53.5 31t63.5 35 54 30q70 35 76 53 3 7 3 21z\"\/><\/svg><\/i><span><a itemprop=\"telephone\" href=\"tel:(47) 9 88134820\">(47) 9 88134820<\/a><\/span><\/li>\r\n\t\t\r\n\t\t\r\n\t\t\t\t\t<li><i><svg  class=\"mk-svg-icon\" data-name=\"mk-icon-envelope\" data-cacheid=\"icon-69eb9d5217a03\" style=\" height:16px; width: 16px; \"  xmlns=\"http:\/\/www.w3.org\/2000\/svg\" viewBox=\"0 0 1792 1792\"><path d=\"M1792 710v794q0 66-47 113t-113 47h-1472q-66 0-113-47t-47-113v-794q44 49 101 87 362 246 497 345 57 42 92.5 65.5t94.5 48 110 24.5h2q51 0 110-24.5t94.5-48 92.5-65.5q170-123 498-345 57-39 100-87zm0-294q0 79-49 151t-122 123q-376 261-468 325-10 7-42.5 30.5t-54 38-52 32.5-57.5 27-50 9h-2q-23 0-50-9t-57.5-27-52-32.5-54-38-42.5-30.5q-91-64-262-182.5t-205-142.5q-62-42-117-115.5t-55-136.5q0-78 41.5-130t118.5-52h1472q65 0 112.5 47t47.5 113z\"\/><\/svg><\/i><span><a itemprop=\"email\" href=\"mailto:contato&#064;julieradiestesia.com\">contato&#064;julieradiestesia.com<\/a><\/span><\/li>\r\n\t\t\r\n\t\t\r\n\t\t\t<\/ul>\r\n<\/div>\r\n<\/div>\r\n\r\n<div class=\"vc_col-sm-6 wpb_column column_container  jupiter-donut- _ jupiter-donut-height-full\">\r\n\t<div class=\"wpb_gmaps_widget wpb_content_element\"><div class=\"wpb_wrapper\"><div class=\"wpb_map_wraper\"><iframe src=\"https:\/\/www.google.com\/maps\/embed?pb=!1m18!1m12!1m3!1d3555.006906793858!2d-48.63272623495315!3d-26.998331283090746!2m3!1f0!2f0!3f0!3m2!1i1024!2i768!4f13.1!3m3!1m2!1s0x94d8b71c8ba4117b%3A0x60c81b22766fa198!2sEspa%C3%A7o%20Titali!5e0!3m2!1spt-BR!2sbr!4v1591139999669!5m2!1spt-BR!2sbr\" width=\"600\" height=\"300\" frameborder=\"0\" style=\"border:0;\" allowfullscreen=\"\" aria-hidden=\"false\" tabindex=\"0\" loading=\"lazy\"><\/iframe><\/div><\/div><\/div><\/div>\r\n\t<\/div>\r\n\r\n<div  data-mk-full-width=\"true\" data-mk-full-width-init=\"false\" data-mk-stretch-content=\"true\" class=\"wpb_row vc_row vc_row-fluid jupiter-donut- mk-fullwidth-true  attched-false     js-master-row  mk-full-content-true\">\r\n\t\t\t\t\r\n<div class=\"vc_col-sm-12 wpb_column column_container  jupiter-donut- _ jupiter-donut-height-full\">\r\n\t\r\n<div id=\"padding-13\" class=\"mk-padding-divider jupiter-donut-  jupiter-donut-clearfix\"><\/div>\r\n\r\n<\/div>\r\n\t<\/div>\r\n<div class=\"vc_row-full-width vc_clearfix\"><\/div>\r\n<div  data-mk-stretch-content=\"true\" class=\"wpb_row vc_row vc_row-fluid jupiter-donut- mk-fullwidth-false  attched-false    vc_custom_1591106058459  js-master-row  mk-grid\">\r\n\t\t\t\t\r\n<div class=\"vc_col-sm-6 wpb_column column_container  jupiter-donut- _ jupiter-donut-height-full\">\r\n\t\r\n<h2 id=\"fancy-title-15\" class=\"mk-fancy-title  simple-style jupiter-donut-  color-single\">\r\n\t<span>\r\n\t\t\t\t<p>Como posso te ajudar ?<\/p>\n\t\t\t<\/span>\r\n<\/h2>\r\n<div class=\"clearboth\"><\/div>\r\n\r\n\r\n\r\n\r\n<h2 id=\"fancy-title-16\" class=\"mk-fancy-title  simple-style jupiter-donut-  color-single\">\r\n\t<span>\r\n\t\t\t\t<p>Entre em Contato<\/p>\n\t\t\t<\/span>\r\n<\/h2>\r\n<div class=\"clearboth\"><\/div>\r\n\r\n\r\n\r\n<\/div>\r\n\r\n<div class=\"vc_col-sm-6 wpb_column column_container  jupiter-donut- _ jupiter-donut-height-full\">\r\n\t\n<div class=\"wpcf7 no-js\" id=\"wpcf7-f6291-o1\" lang=\"pt-PT\" dir=\"ltr\" data-wpcf7-id=\"6291\">\n<div class=\"screen-reader-response\"><p role=\"status\" aria-live=\"polite\" aria-atomic=\"true\"><\/p> <ul><\/ul><\/div>\n<form action=\"\/es\/wp-json\/wp\/v2\/pages\/16#wpcf7-f6291-o1\" method=\"post\" class=\"wpcf7-form init\" aria-label=\"Formul\u00e1rio de contacto\" novalidate=\"novalidate\" data-status=\"init\">\n<fieldset class=\"hidden-fields-container\"><input type=\"hidden\" name=\"_wpcf7\" value=\"6291\" \/><input type=\"hidden\" name=\"_wpcf7_version\" value=\"6.1.5\" \/><input type=\"hidden\" name=\"_wpcf7_locale\" value=\"pt_PT\" \/><input type=\"hidden\" name=\"_wpcf7_unit_tag\" value=\"wpcf7-f6291-o1\" \/><input type=\"hidden\" name=\"_wpcf7_container_post\" value=\"0\" \/><input type=\"hidden\" name=\"_wpcf7_posted_data_hash\" value=\"\" \/>\n<\/fieldset>\n<p><label> Seu nome (obrigat\u00f3rio)<br \/>\n<span class=\"wpcf7-form-control-wrap\" data-name=\"your-name\"><input size=\"40\" maxlength=\"400\" class=\"wpcf7-form-control wpcf7-text wpcf7-validates-as-required\" aria-required=\"true\" aria-invalid=\"false\" value=\"\" type=\"text\" name=\"your-name\" \/><\/span> <\/label>\n<\/p>\n<p><label> Seu e-mail (obrigat\u00f3rio)<br \/>\n<span class=\"wpcf7-form-control-wrap\" data-name=\"your-email\"><input size=\"40\" maxlength=\"400\" class=\"wpcf7-form-control wpcf7-email wpcf7-validates-as-required wpcf7-text wpcf7-validates-as-email\" aria-required=\"true\" aria-invalid=\"false\" value=\"\" type=\"email\" name=\"your-email\" \/><\/span> <\/label>\n<\/p>\n<p><label> Assunto<br \/>\n<span class=\"wpcf7-form-control-wrap\" data-name=\"your-subject\"><input size=\"40\" maxlength=\"400\" class=\"wpcf7-form-control wpcf7-text\" aria-invalid=\"false\" value=\"\" type=\"text\" name=\"your-subject\" \/><\/span> <\/label>\n<\/p>\n<p><label> Mensagem<br \/>\n<span class=\"wpcf7-form-control-wrap\" data-name=\"your-message\"><textarea cols=\"40\" rows=\"10\" maxlength=\"2000\" class=\"wpcf7-form-control wpcf7-textarea\" aria-invalid=\"false\" name=\"your-message\"><\/textarea><\/span> <\/label>\n<\/p>\n<p><input class=\"wpcf7-form-control wpcf7-submit has-spinner\" type=\"submit\" value=\"Enviar\" \/>\n<\/p><p style=\"display: none !important;\" class=\"akismet-fields-container\" data-prefix=\"_wpcf7_ak_\"><label>&#916;<textarea name=\"_wpcf7_ak_hp_textarea\" cols=\"45\" rows=\"8\" maxlength=\"100\"><\/textarea><\/label><input type=\"hidden\" id=\"ak_js_1\" name=\"_wpcf7_ak_js\" value=\"56\"\/><script type=\"text\/javascript\">\n\/* <![CDATA[ *\/\ndocument.getElementById( \"ak_js_1\" ).setAttribute( \"value\", ( new Date() ).getTime() );\n\/* ]]> *\/\n<\/script>\n<\/p><div class=\"wpcf7-response-output\" aria-hidden=\"true\"><\/div>\n<\/form>\n<\/div>\n<\/div>\r\n\t<\/div>\r\n\r\n<div  data-mk-stretch-content=\"true\" class=\"wpb_row vc_row vc_row-fluid jupiter-donut- mk-fullwidth-false  attched-false     js-master-row  mk-grid\">\r\n\t\t\t\t\r\n<div class=\"vc_col-sm-12 wpb_column column_container  jupiter-donut- _ jupiter-donut-height-full\">\r\n\t\r\n<div id=\"padding-19\" class=\"mk-padding-divider jupiter-donut-  jupiter-donut-clearfix\"><\/div>\r\n\r\n<\/div>\r\n\t<\/div>\n<\/div>","protected":false},"excerpt":{"rendered":"ENTRE EM CONTATO Informa\u00e7\u00f5es Rua 2850, 171 - Centro, Balne\u00e1rio Cambori\u00fa - SC (47) 9 88134820 contato&#064;julieradiestesia.com Como posso te ajudar ? Entre em Contato Seu nome (obrigat\u00f3rio) Seu e-mail (obrigat\u00f3rio) Assunto Mensagem &#916;","protected":false},"author":1,"featured_media":0,"parent":0,"menu_order":0,"comment_status":"open","ping_status":"closed","template":"","meta":{"_joinchat":[],"footnotes":""},"class_list":["post-16","page","type-page","status-publish","hentry"],"yoast_head":"<!-- This site is optimized with the Yoast SEO plugin v27.4 - https:\/\/yoast.com\/product\/yoast-seo-wordpress\/ -->\n<title>Contato - Juli\u00e9 de Sousa Radiestesista<\/title>\n<meta name=\"robots\" content=\"index, follow, max-snippet:-1, max-image-preview:large, max-video-preview:-1\" \/>\n<link rel=\"canonical\" href=\"https:\/\/julieradiestesia.com\/es\/contato\/\" \/>\n<meta property=\"og:locale\" content=\"es_ES\" \/>\n<meta property=\"og:type\" content=\"article\" \/>\n<meta property=\"og:title\" content=\"Contato - Juli\u00e9 de Sousa Radiestesista\" \/>\n<meta property=\"og:url\" content=\"https:\/\/julieradiestesia.com\/es\/contato\/\" \/>\n<meta property=\"og:site_name\" content=\"Juli\u00e9 de Sousa\" \/>\n<meta property=\"article:modified_time\" content=\"2021-03-02T12:41:44+00:00\" \/>\n<meta name=\"twitter:card\" content=\"summary_large_image\" \/>\n<meta name=\"twitter:label1\" content=\"Tiempo de lectura\" \/>\n\t<meta name=\"twitter:data1\" content=\"2 minutos\" \/>\n<script type=\"application\/ld+json\" class=\"yoast-schema-graph\">{\"@context\":\"https:\\\/\\\/schema.org\",\"@graph\":[{\"@type\":\"WebPage\",\"@id\":\"https:\\\/\\\/julieradiestesia.com\\\/contato\\\/\",\"url\":\"https:\\\/\\\/julieradiestesia.com\\\/contato\\\/\",\"name\":\"Contato - Juli\u00e9 de Sousa Radiestesista\",\"isPartOf\":{\"@id\":\"https:\\\/\\\/julieradiestesia.com\\\/#website\"},\"datePublished\":\"2015-04-29T08:29:42+00:00\",\"dateModified\":\"2021-03-02T12:41:44+00:00\",\"breadcrumb\":{\"@id\":\"https:\\\/\\\/julieradiestesia.com\\\/contato\\\/#breadcrumb\"},\"inLanguage\":\"es\",\"potentialAction\":[{\"@type\":\"ReadAction\",\"target\":[\"https:\\\/\\\/julieradiestesia.com\\\/contato\\\/\"]}]},{\"@type\":\"BreadcrumbList\",\"@id\":\"https:\\\/\\\/julieradiestesia.com\\\/contato\\\/#breadcrumb\",\"itemListElement\":[{\"@type\":\"ListItem\",\"position\":1,\"name\":\"In\u00edcio\",\"item\":\"https:\\\/\\\/julieradiestesia.com\\\/\"},{\"@type\":\"ListItem\",\"position\":2,\"name\":\"Contato\"}]},{\"@type\":\"WebSite\",\"@id\":\"https:\\\/\\\/julieradiestesia.com\\\/#website\",\"url\":\"https:\\\/\\\/julieradiestesia.com\\\/\",\"name\":\"Juli\u00e9 de Sousa\",\"description\":\"Radiestesia e Terapia Qu\u00e2ntica\",\"publisher\":{\"@id\":\"https:\\\/\\\/julieradiestesia.com\\\/#organization\"},\"potentialAction\":[{\"@type\":\"SearchAction\",\"target\":{\"@type\":\"EntryPoint\",\"urlTemplate\":\"https:\\\/\\\/julieradiestesia.com\\\/?s={search_term_string}\"},\"query-input\":{\"@type\":\"PropertyValueSpecification\",\"valueRequired\":true,\"valueName\":\"search_term_string\"}}],\"inLanguage\":\"es\"},{\"@type\":\"Organization\",\"@id\":\"https:\\\/\\\/julieradiestesia.com\\\/#organization\",\"name\":\"Juli\u00e9 de Sousa\",\"url\":\"https:\\\/\\\/julieradiestesia.com\\\/\",\"logo\":{\"@type\":\"ImageObject\",\"inLanguage\":\"es\",\"@id\":\"https:\\\/\\\/julieradiestesia.com\\\/#\\\/schema\\\/logo\\\/image\\\/\",\"url\":\"https:\\\/\\\/julieradiestesia.com\\\/wp-content\\\/uploads\\\/2020\\\/05\\\/logo1.png\",\"contentUrl\":\"https:\\\/\\\/julieradiestesia.com\\\/wp-content\\\/uploads\\\/2020\\\/05\\\/logo1.png\",\"width\":800,\"height\":300,\"caption\":\"Juli\u00e9 de Sousa\"},\"image\":{\"@id\":\"https:\\\/\\\/julieradiestesia.com\\\/#\\\/schema\\\/logo\\\/image\\\/\"}}]}<\/script>\n<!-- \/ Yoast SEO plugin. -->","yoast_head_json":{"title":"Contato - Juli\u00e9 de Sousa Radiestesista","robots":{"index":"index","follow":"follow","max-snippet":"max-snippet:-1","max-image-preview":"max-image-preview:large","max-video-preview":"max-video-preview:-1"},"canonical":"https:\/\/julieradiestesia.com\/es\/contato\/","og_locale":"es_ES","og_type":"article","og_title":"Contato - Juli\u00e9 de Sousa Radiestesista","og_url":"https:\/\/julieradiestesia.com\/es\/contato\/","og_site_name":"Juli\u00e9 de Sousa","article_modified_time":"2021-03-02T12:41:44+00:00","twitter_card":"summary_large_image","twitter_misc":{"Tiempo de lectura":"2 minutos"},"schema":{"@context":"https:\/\/schema.org","@graph":[{"@type":"WebPage","@id":"https:\/\/julieradiestesia.com\/contato\/","url":"https:\/\/julieradiestesia.com\/contato\/","name":"Contato - Juli\u00e9 de Sousa Radiestesista","isPartOf":{"@id":"https:\/\/julieradiestesia.com\/#website"},"datePublished":"2015-04-29T08:29:42+00:00","dateModified":"2021-03-02T12:41:44+00:00","breadcrumb":{"@id":"https:\/\/julieradiestesia.com\/contato\/#breadcrumb"},"inLanguage":"es","potentialAction":[{"@type":"ReadAction","target":["https:\/\/julieradiestesia.com\/contato\/"]}]},{"@type":"BreadcrumbList","@id":"https:\/\/julieradiestesia.com\/contato\/#breadcrumb","itemListElement":[{"@type":"ListItem","position":1,"name":"In\u00edcio","item":"https:\/\/julieradiestesia.com\/"},{"@type":"ListItem","position":2,"name":"Contato"}]},{"@type":"WebSite","@id":"https:\/\/julieradiestesia.com\/#website","url":"https:\/\/julieradiestesia.com\/","name":"Juli\u00e9 de Sousa","description":"Radiestesia e Terapia Qu\u00e2ntica","publisher":{"@id":"https:\/\/julieradiestesia.com\/#organization"},"potentialAction":[{"@type":"SearchAction","target":{"@type":"EntryPoint","urlTemplate":"https:\/\/julieradiestesia.com\/?s={search_term_string}"},"query-input":{"@type":"PropertyValueSpecification","valueRequired":true,"valueName":"search_term_string"}}],"inLanguage":"es"},{"@type":"Organization","@id":"https:\/\/julieradiestesia.com\/#organization","name":"Juli\u00e9 de Sousa","url":"https:\/\/julieradiestesia.com\/","logo":{"@type":"ImageObject","inLanguage":"es","@id":"https:\/\/julieradiestesia.com\/#\/schema\/logo\/image\/","url":"https:\/\/julieradiestesia.com\/wp-content\/uploads\/2020\/05\/logo1.png","contentUrl":"https:\/\/julieradiestesia.com\/wp-content\/uploads\/2020\/05\/logo1.png","width":800,"height":300,"caption":"Juli\u00e9 de Sousa"},"image":{"@id":"https:\/\/julieradiestesia.com\/#\/schema\/logo\/image\/"}}]}},"_links":{"self":[{"href":"https:\/\/julieradiestesia.com\/es\/wp-json\/wp\/v2\/pages\/16","targetHints":{"allow":["GET"]}}],"collection":[{"href":"https:\/\/julieradiestesia.com\/es\/wp-json\/wp\/v2\/pages"}],"about":[{"href":"https:\/\/julieradiestesia.com\/es\/wp-json\/wp\/v2\/types\/page"}],"author":[{"embeddable":true,"href":"https:\/\/julieradiestesia.com\/es\/wp-json\/wp\/v2\/users\/1"}],"replies":[{"embeddable":true,"href":"https:\/\/julieradiestesia.com\/es\/wp-json\/wp\/v2\/comments?post=16"}],"version-history":[{"count":24,"href":"https:\/\/julieradiestesia.com\/es\/wp-json\/wp\/v2\/pages\/16\/revisions"}],"predecessor-version":[{"id":7103,"href":"https:\/\/julieradiestesia.com\/es\/wp-json\/wp\/v2\/pages\/16\/revisions\/7103"}],"wp:attachment":[{"href":"https:\/\/julieradiestesia.com\/es\/wp-json\/wp\/v2\/media?parent=16"}],"curies":[{"name":"wp","href":"https:\/\/api.w.org\/{rel}","templated":true}]}}