{"id":234,"date":"2015-04-30T12:29:41","date_gmt":"2015-04-30T12:29:41","guid":{"rendered":"http:\/\/demos.artbees.net\/jupiter5\/kale\/?page_id=234"},"modified":"2020-09-01T12:56:16","modified_gmt":"2020-09-01T12:56:16","slug":"sobre","status":"publish","type":"page","link":"https:\/\/julieradiestesia.com\/es\/sobre\/","title":{"rendered":"En"},"content":{"rendered":"<div class=\"wpb-content-wrapper\"><div class=\"mk-page-section-wrapper\" data-mk-full-width=\"true\" data-mk-full-width-init=\"true\" data-mk-stretch-content=\"true\">\r\n\t<div id=\"page-section-1\" class=\"mk-page-section self-hosted   full_layout full-width-1 js-el js-master-row jupiter-donut-\"    data-intro-effect=\"false\">\r\n\r\n\t\t\t\r\n\t\t\t<div class=\"mk-page-section-inner\">\r\n\t\t\t\t\t<div class=\"mk-video-mask\"><\/div>\r\n\r\n\r\n\r\n<div class=\"mk-video-color-mask\"><\/div>\r\n\r\n\t\t\t\t\r\n\t\t\t\t\r\n\t\r\n\t<div class=\"background-layer-holder\">\r\n\t\t<div id=\"background-layer--1\" data-mk-lazyload=\"false\" class=\"background-layer mk-background-stretch none-blend-effect js-el\"    data-mk-img-set='{\"landscape\":{\"desktop\":\"https:\/\/julieradiestesia.com\/wp-content\/uploads\/2020\/05\/rr2.png\",\"tablet\":\"https:\/\/julieradiestesia.com\/wp-content\/uploads\/2020\/05\/rr2.png\",\"mobile\":\"https:\/\/julieradiestesia.com\/wp-content\/uploads\/2020\/05\/rr2-736x414.png\"},\"responsive\":\"true\"}' >\r\n\t\t\t\t\t\t\t\t\t<div class=\"mk-color-layer\"><\/div>\r\n\t\t<\/div>\r\n\t<\/div>\r\n\r\n\t\t\t<\/div>\r\n\r\n\t\t\t\r\n        <div class=\"page-section-content vc_row-fluid mk-grid\" >\r\n            <div class=\"mk-padding-wrapper wpb_row\">\r\n<div class=\"vc_col-sm-6 wpb_column column_container  jupiter-donut- _ jupiter-donut-height-full\">\r\n\t<\/div>\r\n\r\n<div class=\"vc_col-sm-6 wpb_column column_container  jupiter-donut- _ jupiter-donut-height-full\">\r\n\t\r\n<div id=\"padding-4\" class=\"mk-padding-divider jupiter-donut-  jupiter-donut-clearfix\"><\/div>\r\n\r\n\r\n<h2 id=\"fancy-title-5\" class=\"mk-fancy-title  simple-style jupiter-donut-  color-single\">\r\n\t<span>\r\n\t\t\t\t<p>QUIEN ES<\/p>\n<p>JULI\u00c9 DE SOUSA?<\/p>\n\t\t\t<\/span>\r\n<\/h2>\r\n<div class=\"clearboth\"><\/div>\r\n\r\n\r\n\r\n<\/div>\r\n<\/div>\r\n            <div class=\"clearboth\"><\/div>\r\n        <\/div>\r\n\r\n\r\n\t\t\t\r\n\t\t\t\r\n\t\t\t\r\n\t\t<div class=\"clearboth\"><\/div>\r\n\t<\/div>\r\n<\/div>\r\n<div class=\"vc_row-full-width vc_clearfix\"><\/div>\r\n\r\n\r\n<div  data-mk-stretch-content=\"true\" class=\"wpb_row vc_row vc_row-fluid jupiter-donut- mk-fullwidth-false  attched-false     js-master-row  mk-grid\">\r\n\t\t\t\t\r\n<div class=\"vc_col-sm-12 wpb_column column_container  jupiter-donut- _ jupiter-donut-height-full\">\r\n\t\r\n<div id=\"padding-7\" class=\"mk-padding-divider jupiter-donut-  jupiter-donut-clearfix\"><\/div>\r\n\r\n<\/div>\r\n\t<\/div>\r\n\r\n<div  data-mk-stretch-content=\"true\" class=\"wpb_row vc_row vc_row-fluid jupiter-donut- mk-fullwidth-false  attched-false     js-master-row  mk-grid\">\r\n\t\t\t\t\r\n<div class=\"vc_col-sm-6 wpb_column column_container  jupiter-donut- _ jupiter-donut-height-full\">\r\n\t\r\n<div id=\"box-9\" class=\"mk-employees jupiter-donut-margin-bottom-10 jupiter-donut-margin-top-10 one-column u6col u5col u4col u3col o0col  simple c_cs  jupiter-donut-\">\r\n\t<ul>\r\n\r\n\t\r\n\t\t<li class=\"mk-employee-item jupiter-donut-colitem jupiter-donut-align-center jupiter-donut-display-inline-block jupiter-donut-float-left m_7\">\r\n\t\t\t<div class=\"item-holder\">\r\n\t\t\t\t<div class=\"team-thumbnail jupiter-donut-position-relative jupiter-donut-width-100-per jupiter-donut-height-100-per jupiter-donut-overflow-hidden rounded-true\">\r\n\t\t\t\t\t\t\t<img decoding=\"async\" alt=\"Juli\u00e9 de Sousa\" title=\"Juli\u00e9 de Sousa\" src=\"https:\/\/julieradiestesia.com\/wp-content\/uploads\/bfi_thumb\/dummy-transparent-rfbotm3wo088n6ae3riy1hm16q7xch55f6vq3oqsug.png\" data-mk-image-src-set='{\"default\":\"https:\/\/julieradiestesia.com\/wp-content\/uploads\/2015\/04\/julie2-500x500.png\",\"2x\":\"https:\/\/julieradiestesia.com\/wp-content\/uploads\/2015\/04\/julie2.png\",\"mobile\":\"\",\"responsive\":\"true\"}' loading=\"lazy\" \/>\r\n\r\n\r\n\t\t\t\t\t\r\n\t\t\t\t<\/div>\r\n\r\n\t\t\t\t<div class=\"team-info-wrapper m_7\" itemscope=\"itemscope\" itemtype=\"https:\/\/schema.org\/Person\" >\r\n\t\t\t\t\t\t<span class=\"team-member-name jupiter-donut-font-16 jupiter-donut-display-block jupiter-donut-font-weight-bold jupiter-donut-text-transform-up jupiter-donut-color-333\">Juli\u00e9 de Sousa<\/span>\r\n\t\t\t\t\t<span class=\"team-member-position jupiter-donut-font-12 jupiter-donut-text-transform-up jupiter-donut-display-block jupiter-donut-color-777 jupiter-donut-letter-spacing-1\">Terapeuta De Radiestesia<\/span>\r\n\t\t\t\t\t\r\n\t\t\t\t\t<div class=\"clearboth\"><\/div>\r\n\r\n\t\t\t\t\t\r\n<ul class=\"mk-employeee-networks\">\r\n\t\t\t<li><a target=\"_blank\" href=\"mailto:&#106;&#117;&#108;ies&#111;&#117;s&#97;1&#64;gm&#97;i&#108;.com\" title=\"Get In Touch With Juli\u00e9 de Sousa\"><svg  class=\"mk-svg-icon\" data-name=\"mk-icon-envelope\" data-cacheid=\"icon-69eb9d67df16e\" style=\" height:16px; width: 16px; \"  xmlns=\"http:\/\/www.w3.org\/2000\/svg\" viewbox=\"0 0 1792 1792\"><path d=\"M1792 710v794q0 66-47 113t-113 47h-1472q-66 0-113-47t-47-113v-794q44 49 101 87 362 246 497 345 57 42 92.5 65.5t94.5 48 110 24.5h2q51 0 110-24.5t94.5-48 92.5-65.5q170-123 498-345 57-39 100-87zm0-294q0 79-49 151t-122 123q-376 261-468 325-10 7-42.5 30.5t-54 38-52 32.5-57.5 27-50 9h-2q-23 0-50-9t-57.5-27-52-32.5-54-38-42.5-30.5q-91-64-262-182.5t-205-142.5q-62-42-117-115.5t-55-136.5q0-78 41.5-130t118.5-52h1472q65 0 112.5 47t47.5 113z\"\/><\/svg><\/a><\/li>\r\n\t\t\t<li><a target=\"_blank\" href=\"https:\/\/www.facebook.com\/Radiestesiaterapia\/\" title=\"Juli\u00e9 de Sousa On Facebook\"><svg  class=\"mk-svg-icon\" data-name=\"mk-moon-facebook\" data-cacheid=\"icon-69eb9d67df952\" style=\" height:16px; width: 16px; \"  xmlns=\"http:\/\/www.w3.org\/2000\/svg\" viewbox=\"0 0 512 512\"><path d=\"M287.935 512h-95.935v-256h-64v-88.225l64-.029-.104-51.976c0-71.976 19.517-115.77 104.299-115.77h70.588v88.242h-44.115c-33.016 0-34.603 12.328-34.603 35.342l-.131 44.162h79.345l-9.352 88.225-69.927.029-.065 256z\"\/><\/svg><\/a><\/li>\r\n\t\t\t<li><a target=\"_blank\" href=\"https:\/\/www.instagram.com\/radiestesiaterapia\/\" title=\"Juli\u00e9 de Sousa On Instagram\"><svg  class=\"mk-svg-icon\" data-name=\"mk-icon-instagram\" data-cacheid=\"icon-69eb9d67dfc88\" style=\" height:16px; width: 16px; \"  xmlns=\"http:\/\/www.w3.org\/2000\/svg\" viewbox=\"0 0 1792 1792\"><path d=\"M1152 896q0-106-75-181t-181-75-181 75-75 181 75 181 181 75 181-75 75-181zm138 0q0 164-115 279t-279 115-279-115-115-279 115-279 279-115 279 115 115 279zm108-410q0 38-27 65t-65 27-65-27-27-65 27-65 65-27 65 27 27 65zm-502-220q-7 0-76.5-.5t-105.5 0-96.5 3-103 10-71.5 18.5q-50 20-88 58t-58 88q-11 29-18.5 71.5t-10 103-3 96.5 0 105.5.5 76.5-.5 76.5 0 105.5 3 96.5 10 103 18.5 71.5q20 50 58 88t88 58q29 11 71.5 18.5t103 10 96.5 3 105.5 0 76.5-.5 76.5.5 105.5 0 96.5-3 103-10 71.5-18.5q50-20 88-58t58-88q11-29 18.5-71.5t10-103 3-96.5 0-105.5-.5-76.5.5-76.5 0-105.5-3-96.5-10-103-18.5-71.5q-20-50-58-88t-88-58q-29-11-71.5-18.5t-103-10-96.5-3-105.5 0-76.5.5zm768 630q0 229-5 317-10 208-124 322t-322 124q-88 5-317 5t-317-5q-208-10-322-124t-124-322q-5-88-5-317t5-317q10-208 124-322t322-124q88-5 317-5t317 5q208 10 322 124t124 322q5 88 5 317z\"\/><\/svg><\/a><\/li>\r\n\t<\/ul>\r\n\t\t\t\t<\/div>\r\n\t\t\t<\/div>\r\n\t\t<\/li>\r\n\r\n\t\t\t\t\t<div class=\"clearboth\"><\/div>\r\n\t\t\t<\/ul>\r\n<div class=\"clearboth\"><\/div>\r\n<\/div>\r\n<\/div>\r\n\r\n<div class=\"vc_col-sm-6 wpb_column column_container  jupiter-donut- _ jupiter-donut-height-full\">\r\n\t\r\n<h2 id=\"fancy-title-11\" class=\"mk-fancy-title  simple-style jupiter-donut-  color-single\">\r\n\t<span>\r\n\t\t\t\t<p style=\"text-align: justify;\">Hace seis a\u00f1os buscaba un tratamiento alternativo para resolver un trauma de infancia y a trav\u00e9s de la medicina convencional no tuve ning\u00fan resultado visible ni satisfactorio. Siendo estudiante de medicina por cuatro a\u00f1os, intent\u00e9 los m\u00e9todos tradicionalmente cient\u00edficos para el tratamiento de este trauma, sin \u00e9xito alguno. Buscaba alg\u00fan m\u00e9todo que me ayudara pero sin la necesidad de pasar por un proceso doloroso o traum\u00e1tico, ten\u00eda suficiente con lo que ya hab\u00eda vivido.<\/p>\n<p style=\"text-align: justify;\">Buscaba algo sin saber qu\u00e9 exactamente, hasta que un d\u00eda vi una entrevista donde un Ser Extraordinario; quien despu\u00e9s se convertir\u00eda en mi Maestro de Radiestesia, en aquella \u00e9poca \u00e9l explic\u00f3 c\u00f3mo funcionaba la Radiestesia y de qu\u00e9 forma pod\u00eda ayudar a resolver traumas emocionales, problemas de salud, etc. No entend\u00ed muy bien de lo que se trataba y en aquella \u00e9poca nunca hab\u00eda tenido contacto con nada del mundo de la medicina hol\u00edstica; sin embargo, en ese momento supe que era exactamente lo que estaba buscando para comenzar una vida nueva, y as\u00ed fue.<\/p>\n<p style=\"text-align: justify;\">Esta terapia de <strong><em>Radiestesia de cu\u00e1ntica y multidimensional<\/em><\/strong> fue lo que me permiti\u00f3 conectarme con mi propio poder de cura, convirti\u00e9ndose en un punto de inflexi\u00f3n en mi vida, nada volvi\u00f3 a ser como antes y gracias a Dios! Todo cambi\u00f3 para una realidad mil veces mejor a la que hab\u00eda vivido hasta aquel momento!<\/p>\n<p style=\"text-align: justify;\">Desde entonces, quise replicar mi experiencia en la vida de otras personas; as\u00ed comenc\u00e9 a estudiar y aplicar la Radiestesia como terapia alternativa para generar bien estar y calidad de vida en todos los sentidos para m\u00e1s personas. Y as\u00ed, tambi\u00e9n comenz\u00f3 mi proceso de evoluci\u00f3n consciencial, y las traves\u00edas de curas y conexiones cada vez m\u00e1s profundas conmigo misma en diversos pa\u00edses como en India, Egipto, Per\u00fa, entre otros. De la misma forma, fui complementando este conocimiento con la <strong><em>Geometr\u00eda Sagrada, biomagnetismo, biodescodificaci\u00f3n, cura transgeneracional, Florales de Bach, numerolog\u00eda, medicina tradicional china<\/em><\/strong>, entre otros, lo que enriqueci\u00f3 el proceso de cura en las terapias.<\/p>\n<p style=\"text-align: left;\"><img fetchpriority=\"high\" decoding=\"async\" class=\"alignnone wp-image-6592\" src=\"https:\/\/julieradiestesia.com\/wp-content\/uploads\/2020\/06\/julie-300x159.jpg\" alt=\"\" width=\"343\" height=\"182\" srcset=\"https:\/\/julieradiestesia.com\/wp-content\/uploads\/2020\/06\/julie-300x159.jpg 300w, https:\/\/julieradiestesia.com\/wp-content\/uploads\/2020\/06\/julie-1024x541.jpg 1024w, https:\/\/julieradiestesia.com\/wp-content\/uploads\/2020\/06\/julie-768x406.jpg 768w, https:\/\/julieradiestesia.com\/wp-content\/uploads\/2020\/06\/julie.jpg 1080w\" sizes=\"(max-width: 343px) 100vw, 343px\" \/><\/p>\n<p style=\"text-align: justify;\">Entonces, <strong><em>Yo<\/em><\/strong> soy simplemente una <strong><em>Alma<\/em><\/strong> que desea que otras almas tambi\u00e9n se sientan igual de conectadas con su Divinidad y con la Fuente de Amor Incondicional, que se sientan as\u00ed como yo, en el estado natural del alma, fluyendo en la energ\u00eda del amor Incondicional.<\/p>\n<p style=\"text-align: left;\"><img decoding=\"async\" class=\"alignnone wp-image-6593\" src=\"https:\/\/julieradiestesia.com\/wp-content\/uploads\/2020\/06\/julie2-300x142.jpg\" alt=\"\" width=\"342\" height=\"162\" srcset=\"https:\/\/julieradiestesia.com\/wp-content\/uploads\/2020\/06\/julie2-300x142.jpg 300w, https:\/\/julieradiestesia.com\/wp-content\/uploads\/2020\/06\/julie2-1024x485.jpg 1024w, https:\/\/julieradiestesia.com\/wp-content\/uploads\/2020\/06\/julie2-768x364.jpg 768w, https:\/\/julieradiestesia.com\/wp-content\/uploads\/2020\/06\/julie2.jpg 1080w\" sizes=\"(max-width: 342px) 100vw, 342px\" loading=\"lazy\" \/><\/p>\n<p style=\"text-align: justify;\">Te invito a que tengas el coraje de hacer un cambio trascendental en tu vida tambi\u00e9n y que experimentes vivir desde una conexi\u00f3n m\u00e1s profunda con tu Yo superior. Atr\u00e9vete a conectar con tu propio poder de cura a trav\u00e9s de la <strong><em>Radiestesia Terap\u00e9utica y la Geometr\u00eda Sagrada<\/em><\/strong>, conmigo!<\/p>\n\t\t\t<\/span>\r\n<\/h2>\r\n<div class=\"clearboth\"><\/div>\r\n\r\n\r\n\r\n<div class=\"vc_btn3-container vc_btn3-center vc_do_btn\" ><a class=\"vc_general vc_btn3 vc_btn3-size-md vc_btn3-shape-rounded vc_btn3-style-modern vc_btn3-color-violet\" href=\"https:\/\/api.whatsapp.com\/send?phone=5547988414270&#038;text=Ol%C3%A1%2C%20gostaria%20de%20saber%20mais%20sobre%20a%20radiestesia!\" title=\"\" target=\"_blank\">Haga una cita<\/a><\/div><\/div>\r\n\t<\/div>\r\n\r\n<div  data-mk-stretch-content=\"true\" class=\"wpb_row vc_row vc_row-fluid jupiter-donut- mk-fullwidth-false  attched-false     js-master-row  mk-grid\">\r\n\t\t\t\t\r\n<div class=\"vc_col-sm-12 wpb_column column_container  jupiter-donut- _ jupiter-donut-height-full\">\r\n\t\r\n<div id=\"padding-13\" class=\"mk-padding-divider jupiter-donut-  jupiter-donut-clearfix\"><\/div>\r\n\r\n<\/div>\r\n\t<\/div>\r\n\r\n<div  data-mk-stretch-content=\"true\" class=\"wpb_row vc_row vc_row-fluid jupiter-donut- mk-fullwidth-false  attched-false     js-master-row  mk-grid\">\r\n\t\t\t\t\r\n<div class=\"vc_col-sm-12 wpb_column column_container  jupiter-donut- _ jupiter-donut-height-full\">\r\n\t<\/div>\r\n\t<\/div>\n<\/div>","protected":false},"excerpt":{"rendered":"","protected":false},"author":1,"featured_media":0,"parent":0,"menu_order":0,"comment_status":"open","ping_status":"closed","template":"","meta":{"_joinchat":[],"footnotes":""},"class_list":["post-234","page","type-page","status-publish","hentry"],"yoast_head":"<!-- This site is optimized with the Yoast SEO plugin v27.4 - https:\/\/yoast.com\/product\/yoast-seo-wordpress\/ -->\n<title>Sobre - Juli\u00e9 de Sousa Terapeuta de Radiestesia<\/title>\n<meta name=\"robots\" content=\"index, follow, max-snippet:-1, max-image-preview:large, max-video-preview:-1\" \/>\n<link rel=\"canonical\" href=\"https:\/\/julieradiestesia.com\/es\/sobre\/\" \/>\n<meta property=\"og:locale\" content=\"es_ES\" \/>\n<meta property=\"og:type\" content=\"article\" \/>\n<meta property=\"og:title\" content=\"Sobre - Juli\u00e9 de Sousa Terapeuta de Radiestesia\" \/>\n<meta property=\"og:url\" content=\"https:\/\/julieradiestesia.com\/es\/sobre\/\" \/>\n<meta property=\"og:site_name\" content=\"Juli\u00e9 de Sousa\" \/>\n<meta property=\"article:modified_time\" content=\"2020-09-01T12:56:16+00:00\" \/>\n<meta property=\"og:image\" content=\"https:\/\/julieradiestesia.com\/wp-content\/uploads\/2020\/06\/julie-300x159.jpg\" \/>\n<meta name=\"twitter:card\" content=\"summary_large_image\" \/>\n<meta name=\"twitter:label1\" content=\"Tiempo de lectura\" \/>\n\t<meta name=\"twitter:data1\" content=\"3 minutos\" \/>\n<script type=\"application\/ld+json\" class=\"yoast-schema-graph\">{\"@context\":\"https:\\\/\\\/schema.org\",\"@graph\":[{\"@type\":\"WebPage\",\"@id\":\"https:\\\/\\\/julieradiestesia.com\\\/sobre\\\/\",\"url\":\"https:\\\/\\\/julieradiestesia.com\\\/sobre\\\/\",\"name\":\"Sobre - Juli\u00e9 de Sousa Terapeuta de Radiestesia\",\"isPartOf\":{\"@id\":\"https:\\\/\\\/julieradiestesia.com\\\/#website\"},\"primaryImageOfPage\":{\"@id\":\"https:\\\/\\\/julieradiestesia.com\\\/sobre\\\/#primaryimage\"},\"image\":{\"@id\":\"https:\\\/\\\/julieradiestesia.com\\\/sobre\\\/#primaryimage\"},\"thumbnailUrl\":\"https:\\\/\\\/julieradiestesia.com\\\/wp-content\\\/uploads\\\/2020\\\/06\\\/julie-300x159.jpg\",\"datePublished\":\"2015-04-30T12:29:41+00:00\",\"dateModified\":\"2020-09-01T12:56:16+00:00\",\"breadcrumb\":{\"@id\":\"https:\\\/\\\/julieradiestesia.com\\\/sobre\\\/#breadcrumb\"},\"inLanguage\":\"es\",\"potentialAction\":[{\"@type\":\"ReadAction\",\"target\":[\"https:\\\/\\\/julieradiestesia.com\\\/sobre\\\/\"]}]},{\"@type\":\"ImageObject\",\"inLanguage\":\"es\",\"@id\":\"https:\\\/\\\/julieradiestesia.com\\\/sobre\\\/#primaryimage\",\"url\":\"https:\\\/\\\/julieradiestesia.com\\\/wp-content\\\/uploads\\\/2020\\\/06\\\/julie-300x159.jpg\",\"contentUrl\":\"https:\\\/\\\/julieradiestesia.com\\\/wp-content\\\/uploads\\\/2020\\\/06\\\/julie-300x159.jpg\"},{\"@type\":\"BreadcrumbList\",\"@id\":\"https:\\\/\\\/julieradiestesia.com\\\/sobre\\\/#breadcrumb\",\"itemListElement\":[{\"@type\":\"ListItem\",\"position\":1,\"name\":\"In\u00edcio\",\"item\":\"https:\\\/\\\/julieradiestesia.com\\\/\"},{\"@type\":\"ListItem\",\"position\":2,\"name\":\"Sobre\"}]},{\"@type\":\"WebSite\",\"@id\":\"https:\\\/\\\/julieradiestesia.com\\\/#website\",\"url\":\"https:\\\/\\\/julieradiestesia.com\\\/\",\"name\":\"Juli\u00e9 de Sousa\",\"description\":\"Radiestesia e Terapia Qu\u00e2ntica\",\"publisher\":{\"@id\":\"https:\\\/\\\/julieradiestesia.com\\\/#organization\"},\"potentialAction\":[{\"@type\":\"SearchAction\",\"target\":{\"@type\":\"EntryPoint\",\"urlTemplate\":\"https:\\\/\\\/julieradiestesia.com\\\/?s={search_term_string}\"},\"query-input\":{\"@type\":\"PropertyValueSpecification\",\"valueRequired\":true,\"valueName\":\"search_term_string\"}}],\"inLanguage\":\"es\"},{\"@type\":\"Organization\",\"@id\":\"https:\\\/\\\/julieradiestesia.com\\\/#organization\",\"name\":\"Juli\u00e9 de Sousa\",\"url\":\"https:\\\/\\\/julieradiestesia.com\\\/\",\"logo\":{\"@type\":\"ImageObject\",\"inLanguage\":\"es\",\"@id\":\"https:\\\/\\\/julieradiestesia.com\\\/#\\\/schema\\\/logo\\\/image\\\/\",\"url\":\"https:\\\/\\\/julieradiestesia.com\\\/wp-content\\\/uploads\\\/2020\\\/05\\\/logo1.png\",\"contentUrl\":\"https:\\\/\\\/julieradiestesia.com\\\/wp-content\\\/uploads\\\/2020\\\/05\\\/logo1.png\",\"width\":800,\"height\":300,\"caption\":\"Juli\u00e9 de Sousa\"},\"image\":{\"@id\":\"https:\\\/\\\/julieradiestesia.com\\\/#\\\/schema\\\/logo\\\/image\\\/\"}}]}<\/script>\n<!-- \/ Yoast SEO plugin. -->","yoast_head_json":{"title":"Sobre - Juli\u00e9 de Sousa Terapeuta de Radiestesia","robots":{"index":"index","follow":"follow","max-snippet":"max-snippet:-1","max-image-preview":"max-image-preview:large","max-video-preview":"max-video-preview:-1"},"canonical":"https:\/\/julieradiestesia.com\/es\/sobre\/","og_locale":"es_ES","og_type":"article","og_title":"Sobre - Juli\u00e9 de Sousa Terapeuta de Radiestesia","og_url":"https:\/\/julieradiestesia.com\/es\/sobre\/","og_site_name":"Juli\u00e9 de Sousa","article_modified_time":"2020-09-01T12:56:16+00:00","og_image":[{"url":"https:\/\/julieradiestesia.com\/wp-content\/uploads\/2020\/06\/julie-300x159.jpg","type":"","width":"","height":""}],"twitter_card":"summary_large_image","twitter_misc":{"Tiempo de lectura":"3 minutos"},"schema":{"@context":"https:\/\/schema.org","@graph":[{"@type":"WebPage","@id":"https:\/\/julieradiestesia.com\/sobre\/","url":"https:\/\/julieradiestesia.com\/sobre\/","name":"Sobre - Juli\u00e9 de Sousa Terapeuta de Radiestesia","isPartOf":{"@id":"https:\/\/julieradiestesia.com\/#website"},"primaryImageOfPage":{"@id":"https:\/\/julieradiestesia.com\/sobre\/#primaryimage"},"image":{"@id":"https:\/\/julieradiestesia.com\/sobre\/#primaryimage"},"thumbnailUrl":"https:\/\/julieradiestesia.com\/wp-content\/uploads\/2020\/06\/julie-300x159.jpg","datePublished":"2015-04-30T12:29:41+00:00","dateModified":"2020-09-01T12:56:16+00:00","breadcrumb":{"@id":"https:\/\/julieradiestesia.com\/sobre\/#breadcrumb"},"inLanguage":"es","potentialAction":[{"@type":"ReadAction","target":["https:\/\/julieradiestesia.com\/sobre\/"]}]},{"@type":"ImageObject","inLanguage":"es","@id":"https:\/\/julieradiestesia.com\/sobre\/#primaryimage","url":"https:\/\/julieradiestesia.com\/wp-content\/uploads\/2020\/06\/julie-300x159.jpg","contentUrl":"https:\/\/julieradiestesia.com\/wp-content\/uploads\/2020\/06\/julie-300x159.jpg"},{"@type":"BreadcrumbList","@id":"https:\/\/julieradiestesia.com\/sobre\/#breadcrumb","itemListElement":[{"@type":"ListItem","position":1,"name":"In\u00edcio","item":"https:\/\/julieradiestesia.com\/"},{"@type":"ListItem","position":2,"name":"Sobre"}]},{"@type":"WebSite","@id":"https:\/\/julieradiestesia.com\/#website","url":"https:\/\/julieradiestesia.com\/","name":"Juli\u00e9 de Sousa","description":"Radiestesia e Terapia Qu\u00e2ntica","publisher":{"@id":"https:\/\/julieradiestesia.com\/#organization"},"potentialAction":[{"@type":"SearchAction","target":{"@type":"EntryPoint","urlTemplate":"https:\/\/julieradiestesia.com\/?s={search_term_string}"},"query-input":{"@type":"PropertyValueSpecification","valueRequired":true,"valueName":"search_term_string"}}],"inLanguage":"es"},{"@type":"Organization","@id":"https:\/\/julieradiestesia.com\/#organization","name":"Juli\u00e9 de Sousa","url":"https:\/\/julieradiestesia.com\/","logo":{"@type":"ImageObject","inLanguage":"es","@id":"https:\/\/julieradiestesia.com\/#\/schema\/logo\/image\/","url":"https:\/\/julieradiestesia.com\/wp-content\/uploads\/2020\/05\/logo1.png","contentUrl":"https:\/\/julieradiestesia.com\/wp-content\/uploads\/2020\/05\/logo1.png","width":800,"height":300,"caption":"Juli\u00e9 de Sousa"},"image":{"@id":"https:\/\/julieradiestesia.com\/#\/schema\/logo\/image\/"}}]}},"_links":{"self":[{"href":"https:\/\/julieradiestesia.com\/es\/wp-json\/wp\/v2\/pages\/234","targetHints":{"allow":["GET"]}}],"collection":[{"href":"https:\/\/julieradiestesia.com\/es\/wp-json\/wp\/v2\/pages"}],"about":[{"href":"https:\/\/julieradiestesia.com\/es\/wp-json\/wp\/v2\/types\/page"}],"author":[{"embeddable":true,"href":"https:\/\/julieradiestesia.com\/es\/wp-json\/wp\/v2\/users\/1"}],"replies":[{"embeddable":true,"href":"https:\/\/julieradiestesia.com\/es\/wp-json\/wp\/v2\/comments?post=234"}],"version-history":[{"count":23,"href":"https:\/\/julieradiestesia.com\/es\/wp-json\/wp\/v2\/pages\/234\/revisions"}],"predecessor-version":[{"id":6922,"href":"https:\/\/julieradiestesia.com\/es\/wp-json\/wp\/v2\/pages\/234\/revisions\/6922"}],"wp:attachment":[{"href":"https:\/\/julieradiestesia.com\/es\/wp-json\/wp\/v2\/media?parent=234"}],"curies":[{"name":"wp","href":"https:\/\/api.w.org\/{rel}","templated":true}]}}