{"id":6604,"date":"2020-06-01T21:50:57","date_gmt":"2020-06-01T21:50:57","guid":{"rendered":"https:\/\/julieradiestesia.com\/?page_id=6604"},"modified":"2020-06-02T15:21:06","modified_gmt":"2020-06-02T15:21:06","slug":"viagens","status":"publish","type":"page","link":"https:\/\/julieradiestesia.com\/es\/viagens\/","title":{"rendered":"Viajes"},"content":{"rendered":"<div class=\"wpb-content-wrapper\"><div class=\"mk-page-section-wrapper\" data-mk-full-width=\"true\" data-mk-full-width-init=\"true\" data-mk-stretch-content=\"true\">\r\n\t<div id=\"page-section-1\" class=\"mk-page-section self-hosted   full_layout full-width-1 js-el js-master-row jupiter-donut-   \"    data-intro-effect=\"false\">\r\n\r\n\t\t\t\r\n\t\t\t<div class=\"mk-page-section-inner\">\r\n\t\t\t\t\t<div class=\"mk-video-mask\"><\/div>\r\n\r\n\r\n\r\n<div class=\"mk-video-color-mask\"><\/div>\r\n\r\n\t\t\t\t\r\n\t\t\t\t\r\n\t\r\n\t<div class=\"background-layer-holder\">\r\n\t\t<div id=\"background-layer--1\" data-mk-lazyload=\"false\" class=\"background-layer mk-background-stretch none-blend-effect js-el\"    data-mk-img-set='{\"landscape\":{\"desktop\":\"https:\/\/julieradiestesia.com\/wp-content\/uploads\/2020\/05\/rr2.png\",\"tablet\":\"https:\/\/julieradiestesia.com\/wp-content\/uploads\/2020\/05\/rr2.png\",\"mobile\":\"https:\/\/julieradiestesia.com\/wp-content\/uploads\/2020\/05\/rr2-736x414.png\"},\"responsive\":\"true\"}' >\r\n\t\t\t\t\t\t\t\t\t<div class=\"mk-color-layer\"><\/div>\r\n\t\t<\/div>\r\n\t<\/div>\r\n\r\n\t\t\t<\/div>\r\n\r\n\t\t\t\r\n        <div class=\"page-section-content vc_row-fluid mk-grid \" >\r\n            <div class=\"mk-padding-wrapper wpb_row\">\r\n<div class=\"vc_col-sm-6 wpb_column column_container  jupiter-donut- _ jupiter-donut-height-full\">\r\n\t<\/div>\r\n\r\n<div class=\"vc_col-sm-6 wpb_column column_container  jupiter-donut- _ jupiter-donut-height-full\">\r\n\t\r\n<div id=\"padding-4\" class=\"mk-padding-divider jupiter-donut-  jupiter-donut-clearfix\"><\/div>\r\n\r\n\r\n<h2 id=\"fancy-title-5\" class=\"mk-fancy-title  simple-style jupiter-donut-  color-single\">\r\n\t<span>\r\n\t\t\t\t<p>VIAGENS DE ENCONTRO<\/p>\n<p>ESPIRITUAL<\/p>\n\t\t\t<\/span>\r\n<\/h2>\r\n<div class=\"clearboth\"><\/div>\r\n\r\n\r\n\r\n<\/div>\r\n<\/div>\r\n            <div class=\"clearboth\"><\/div>\r\n        <\/div>\r\n\r\n\r\n\t\t\t\r\n\t\t\t\r\n\t\t\t\r\n\t\t<div class=\"clearboth\"><\/div>\r\n\t<\/div>\r\n<\/div>\r\n<div class=\"vc_row-full-width vc_clearfix\"><\/div>\r\n\r\n\r\n<div  data-mk-stretch-content=\"true\" class=\"wpb_row vc_row vc_row-fluid jupiter-donut- mk-fullwidth-false  attched-false     js-master-row  mk-grid\">\r\n\t\t\t\t\r\n<div class=\"vc_col-sm-12 wpb_column column_container  jupiter-donut- _ jupiter-donut-height-full\">\r\n\t\r\n<div id=\"padding-7\" class=\"mk-padding-divider jupiter-donut-  jupiter-donut-clearfix\"><\/div>\r\n\r\n<\/div>\r\n\t<\/div>\r\n\r\n<div class=\"mk-page-section-wrapper\" data-mk-full-width=\"true\" data-mk-full-width-init=\"true\" data-mk-stretch-content=\"true\">\r\n\t<div id=\"page-section-8\" class=\"mk-page-section self-hosted   full_layout full-width-8 js-el js-master-row jupiter-donut-   \"    data-intro-effect=\"false\">\r\n\r\n\t\t\t\r\n\t\t\t<div class=\"mk-page-section-inner\">\r\n\t\t\t\t\r\n\r\n\r\n<div class=\"mk-video-color-mask\"><\/div>\r\n\r\n\t\t\t\t\r\n\t\t\t\t\t\t\t<\/div>\r\n\r\n\t\t\t\r\n        <div class=\"page-section-content vc_row-fluid mk-grid \" >\r\n            <div class=\"mk-padding-wrapper wpb_row\">\r\n<div class=\"vc_col-sm-12 wpb_column column_container  jupiter-donut- _ jupiter-donut-height-full\">\r\n\t\r\n<div id=\"padding-10\" class=\"mk-padding-divider jupiter-donut-  jupiter-donut-clearfix\"><\/div>\r\n\r\n\n<div class=\"vc_grid-container-wrapper vc_clearfix vc_grid-animation-fadeIn\">\n\t<div class=\"vc_grid-container vc_clearfix wpb_content_element vc_basic_grid\" data-initial-loading-animation=\"fadeIn\" data-vc-grid-settings=\"{&quot;page_id&quot;:6604,&quot;style&quot;:&quot;all&quot;,&quot;action&quot;:&quot;vc_get_vc_grid_data&quot;,&quot;shortcode_id&quot;:&quot;1591111217216-968ca7ed-ed2e-9&quot;,&quot;tag&quot;:&quot;vc_basic_grid&quot;}\" data-vc-request=\"https:\/\/julieradiestesia.com\/wp-admin\/admin-ajax.php\" data-vc-post-id=\"6604\" data-vc-public-nonce=\"c2f39b7a47\">\n\t\t<style data-type=\"vc_shortcodes-custom-css\">.vc_custom_1419240516480{background-color: #f9f9f9 !important;}<\/style><div class=\"vc_grid vc_row vc_grid-gutter-30px vc_pageable-wrapper vc_hook_hover\" data-vc-pageable-content=\"true\"><div class=\"vc_pageable-slide-wrapper vc_clearfix\" data-vc-grid-content=\"true\"><div class=\"vc_grid-item vc_clearfix vc_col-sm-4 vc_grid-item-zone-c-bottom\"><div class=\"vc_grid-item-mini vc_clearfix \"><div class=\"vc_gitem-animated-block\" ><div class=\"vc_gitem-zone vc_gitem-zone-a vc-gitem-zone-height-mode-auto vc-gitem-zone-height-mode-auto-1-1 vc_gitem-is-link\" style=\"background-image: url('https:\/\/julieradiestesia.com\/wp-content\/uploads\/2020\/06\/turquia-espanha-1024x680.jpg') !important;\"><a href=\"https:\/\/julieradiestesia.com\/es\/turquia-e-espanha-curando-as-nossas-origens-e-raizes\/\" title=\"Turquia e Espanha: Curando as nossas Origens e Ra\u00edzes\" class=\"vc_gitem-link vc-zone-link\" ><\/a><img decoding=\"async\" class=\"vc_gitem-zone-img\" src=\"https:\/\/julieradiestesia.com\/wp-content\/uploads\/2020\/06\/turquia-espanha-1024x680.jpg\" alt=\"Turquia e Espanha: Curando as nossas Origens e Ra\u00edzes\" loading=\"lazy\"><div class=\"vc_gitem-zone-mini\"><\/div><\/div><\/div><div class=\"vc_gitem-zone vc_gitem-zone-c vc_custom_1419240516480\"><div class=\"vc_gitem-zone-mini\"><div class=\"vc_gitem_row vc_row vc_gitem-row-position-top\"><div class=\"vc_col-sm-12 vc_gitem-col vc_gitem-col-align-\"><div class=\"vc_custom_heading vc_gitem-post-data vc_gitem-post-data-source-post_title\" ><h4 style=\"text-align: left\" >Turquia e Espanha: Curando as nossas Origens e Ra\u00edzes<\/h4><\/div><div class=\"vc_custom_heading vc_gitem-post-data vc_gitem-post-data-source-post_excerpt\" ><p style=\"text-align: left\" ><p>DATA: Novembro de 2021<\/p>\n<\/p><\/div><div class=\"vc_btn3-container vc_btn3-left\"><a class=\"vc_general vc_btn3 vc_btn3-size-md vc_btn3-shape-rounded vc_btn3-style-flat vc_btn3-color-juicy-pink\" a href=\"https:\/\/julieradiestesia.com\/es\/turquia-e-espanha-curando-as-nossas-origens-e-raizes\/\" class=\"vc_gitem-link vc_general vc_btn3 vc_general vc_btn3 vc_btn3-size-md vc_btn3-shape-rounded vc_btn3-style-flat vc_btn3-color-juicy-pink\" title=\"Leer m\u00e1s\">Leer m\u00e1s<\/a><\/div><\/div><\/div><\/div><\/div><\/div><div class=\"vc_clearfix\"><\/div><\/div><div class=\"vc_grid-item vc_clearfix vc_col-sm-4 vc_grid-item-zone-c-bottom\"><div class=\"vc_grid-item-mini vc_clearfix \"><div class=\"vc_gitem-animated-block\" ><div class=\"vc_gitem-zone vc_gitem-zone-a vc-gitem-zone-height-mode-auto vc-gitem-zone-height-mode-auto-1-1 vc_gitem-is-link\" style=\"background-image: url('https:\/\/julieradiestesia.com\/wp-content\/uploads\/2020\/06\/nepal-1024x1024.jpg') !important;\"><a href=\"https:\/\/julieradiestesia.com\/es\/india-e-nepal-transcendendo-nosso-eu-interior\/\" title=\"\u00cdndia e Nepal: Transcendendo Nosso Eu Interior\" class=\"vc_gitem-link vc-zone-link\" ><\/a><img decoding=\"async\" class=\"vc_gitem-zone-img\" src=\"https:\/\/julieradiestesia.com\/wp-content\/uploads\/2020\/06\/nepal-1024x1024.jpg\" alt=\"\u00cdndia e Nepal: Transcendendo Nosso Eu Interior\" loading=\"lazy\"><div class=\"vc_gitem-zone-mini\"><\/div><\/div><\/div><div class=\"vc_gitem-zone vc_gitem-zone-c vc_custom_1419240516480\"><div class=\"vc_gitem-zone-mini\"><div class=\"vc_gitem_row vc_row vc_gitem-row-position-top\"><div class=\"vc_col-sm-12 vc_gitem-col vc_gitem-col-align-\"><div class=\"vc_custom_heading vc_gitem-post-data vc_gitem-post-data-source-post_title\" ><h4 style=\"text-align: left\" >\u00cdndia e Nepal: Transcendendo Nosso Eu Interior<\/h4><\/div><div class=\"vc_custom_heading vc_gitem-post-data vc_gitem-post-data-source-post_excerpt\" ><p style=\"text-align: left\" ><p>DATA: Setembro de 2021<\/p>\n<\/p><\/div><div class=\"vc_btn3-container vc_btn3-left\"><a class=\"vc_general vc_btn3 vc_btn3-size-md vc_btn3-shape-rounded vc_btn3-style-flat vc_btn3-color-juicy-pink\" a href=\"https:\/\/julieradiestesia.com\/es\/india-e-nepal-transcendendo-nosso-eu-interior\/\" class=\"vc_gitem-link vc_general vc_btn3 vc_general vc_btn3 vc_btn3-size-md vc_btn3-shape-rounded vc_btn3-style-flat vc_btn3-color-juicy-pink\" title=\"Leer m\u00e1s\">Leer m\u00e1s<\/a><\/div><\/div><\/div><\/div><\/div><\/div><div class=\"vc_clearfix\"><\/div><\/div><div class=\"vc_grid-item vc_clearfix vc_col-sm-4 vc_grid-item-zone-c-bottom\"><div class=\"vc_grid-item-mini vc_clearfix \"><div class=\"vc_gitem-animated-block\" ><div class=\"vc_gitem-zone vc_gitem-zone-a vc-gitem-zone-height-mode-auto vc-gitem-zone-height-mode-auto-1-1 vc_gitem-is-link\" style=\"background-image: url('https:\/\/julieradiestesia.com\/wp-content\/uploads\/2020\/06\/eg1-1024x1024.jpg') !important;\"><a href=\"https:\/\/julieradiestesia.com\/es\/egito-mistico-yehuiah-revelando-o-lado-obscuro-do-nosso-processo-de-evolucao-consciencial\/\" title=\"Egito M\u00edstico: Yehuiah-Revelando O Lado Obscuro do Nosso Processo de Evolu\u00e7\u00e3o Consci\u00eancial\" class=\"vc_gitem-link vc-zone-link\" ><\/a><img decoding=\"async\" class=\"vc_gitem-zone-img\" src=\"https:\/\/julieradiestesia.com\/wp-content\/uploads\/2020\/06\/eg1-1024x1024.jpg\" alt=\"Egito M\u00edstico: Yehuiah-Revelando O Lado Obscuro do Nosso Processo de Evolu\u00e7\u00e3o Consci\u00eancial\" loading=\"lazy\"><div class=\"vc_gitem-zone-mini\"><\/div><\/div><\/div><div class=\"vc_gitem-zone vc_gitem-zone-c vc_custom_1419240516480\"><div class=\"vc_gitem-zone-mini\"><div class=\"vc_gitem_row vc_row vc_gitem-row-position-top\"><div class=\"vc_col-sm-12 vc_gitem-col vc_gitem-col-align-\"><div class=\"vc_custom_heading vc_gitem-post-data vc_gitem-post-data-source-post_title\" ><h4 style=\"text-align: left\" >Egito M\u00edstico: Yehuiah-Revelando O Lado Obscuro do Nosso Processo de Evolu\u00e7\u00e3o Consci\u00eancial<\/h4><\/div><div class=\"vc_custom_heading vc_gitem-post-data vc_gitem-post-data-source-post_excerpt\" ><p style=\"text-align: left\" ><p>DATA: Junho de 2021 14 DIAS: 7 NOITES CAIRO + 3 NOITES&nbsp; CRUZEIRO+2 NOITES LUXOR + 2NOITES SHARM EL SHEIK SA\u00cdDA DI\u00c1 12 de JULHO e RETORNO D\u00cdA 25 DE JULHO Dia 1 Cairo Chegada ao Aeroporto do Cairo. Assist\u00eancia pelos nossos representantes no aeroporto para os tramites legais. Traslado ao hotel. Descanso. Ao final [&hellip;]<\/p>\n<\/p><\/div><div class=\"vc_btn3-container vc_btn3-left\"><a class=\"vc_general vc_btn3 vc_btn3-size-md vc_btn3-shape-rounded vc_btn3-style-flat vc_btn3-color-juicy-pink\" a href=\"https:\/\/julieradiestesia.com\/es\/egito-mistico-yehuiah-revelando-o-lado-obscuro-do-nosso-processo-de-evolucao-consciencial\/\" class=\"vc_gitem-link vc_general vc_btn3 vc_general vc_btn3 vc_btn3-size-md vc_btn3-shape-rounded vc_btn3-style-flat vc_btn3-color-juicy-pink\" title=\"Leer m\u00e1s\">Leer m\u00e1s<\/a><\/div><\/div><\/div><\/div><\/div><\/div><div class=\"vc_clearfix\"><\/div><\/div><\/div><\/div>\n\t<\/div>\n<\/div><\/div>\r\n<\/div>\r\n            <div class=\"clearboth\"><\/div>\r\n        <\/div>\r\n\r\n\r\n\t\t\t\r\n\t\t\t\r\n\t\t\t\r\n\t\t<div class=\"clearboth\"><\/div>\r\n\t<\/div>\r\n<\/div>\r\n<div class=\"vc_row-full-width vc_clearfix\"><\/div>\n<\/div>","protected":false},"excerpt":{"rendered":"VIAGENS DE ENCONTRO ESPIRITUAL Turquia e Espanha: Curando as nossas Origens e Ra\u00edzesDATA: Novembro de 2021 Leer m\u00e1s\u00cdndia e Nepal: Transcendendo Nosso Eu InteriorDATA: Setembro de 2021 Leer m\u00e1sEgito M\u00edstico: Yehuiah-Revelando O Lado Obscuro do Nosso Processo de Evolu\u00e7\u00e3o Consci\u00eancialDATA: Junho de 2021 14 DIAS: 7 NOITES CAIRO + 3 NOITES&nbsp; CRUZEIRO+2 NOITES LUXOR + [...]","protected":false},"author":1,"featured_media":0,"parent":0,"menu_order":0,"comment_status":"closed","ping_status":"closed","template":"","meta":{"_joinchat":[],"footnotes":""},"class_list":["post-6604","page","type-page","status-publish","hentry"],"yoast_head":"<!-- This site is optimized with the Yoast SEO plugin v27.4 - https:\/\/yoast.com\/product\/yoast-seo-wordpress\/ -->\n<title>Viagens de Encontro Espiritual - Juli\u00e9 de Sousa<\/title>\n<meta name=\"robots\" content=\"index, follow, max-snippet:-1, max-image-preview:large, max-video-preview:-1\" \/>\n<link rel=\"canonical\" href=\"https:\/\/julieradiestesia.com\/es\/viagens\/\" \/>\n<meta property=\"og:locale\" content=\"es_ES\" \/>\n<meta property=\"og:type\" content=\"article\" \/>\n<meta property=\"og:title\" content=\"Viagens de Encontro Espiritual - Juli\u00e9 de Sousa\" \/>\n<meta property=\"og:url\" content=\"https:\/\/julieradiestesia.com\/es\/viagens\/\" \/>\n<meta property=\"og:site_name\" content=\"Juli\u00e9 de Sousa\" \/>\n<meta property=\"article:modified_time\" content=\"2020-06-02T15:21:06+00:00\" \/>\n<meta name=\"twitter:card\" content=\"summary_large_image\" \/>\n<meta name=\"twitter:label1\" content=\"Tiempo de lectura\" \/>\n\t<meta name=\"twitter:data1\" content=\"1 minuto\" \/>\n<script type=\"application\/ld+json\" class=\"yoast-schema-graph\">{\"@context\":\"https:\\\/\\\/schema.org\",\"@graph\":[{\"@type\":\"WebPage\",\"@id\":\"https:\\\/\\\/julieradiestesia.com\\\/viagens\\\/\",\"url\":\"https:\\\/\\\/julieradiestesia.com\\\/viagens\\\/\",\"name\":\"Viagens de Encontro Espiritual - Juli\u00e9 de Sousa\",\"isPartOf\":{\"@id\":\"https:\\\/\\\/julieradiestesia.com\\\/#website\"},\"datePublished\":\"2020-06-01T21:50:57+00:00\",\"dateModified\":\"2020-06-02T15:21:06+00:00\",\"breadcrumb\":{\"@id\":\"https:\\\/\\\/julieradiestesia.com\\\/viagens\\\/#breadcrumb\"},\"inLanguage\":\"es\",\"potentialAction\":[{\"@type\":\"ReadAction\",\"target\":[\"https:\\\/\\\/julieradiestesia.com\\\/viagens\\\/\"]}]},{\"@type\":\"BreadcrumbList\",\"@id\":\"https:\\\/\\\/julieradiestesia.com\\\/viagens\\\/#breadcrumb\",\"itemListElement\":[{\"@type\":\"ListItem\",\"position\":1,\"name\":\"In\u00edcio\",\"item\":\"https:\\\/\\\/julieradiestesia.com\\\/\"},{\"@type\":\"ListItem\",\"position\":2,\"name\":\"Viagens\"}]},{\"@type\":\"WebSite\",\"@id\":\"https:\\\/\\\/julieradiestesia.com\\\/#website\",\"url\":\"https:\\\/\\\/julieradiestesia.com\\\/\",\"name\":\"Juli\u00e9 de Sousa\",\"description\":\"Radiestesia e Terapia Qu\u00e2ntica\",\"publisher\":{\"@id\":\"https:\\\/\\\/julieradiestesia.com\\\/#organization\"},\"potentialAction\":[{\"@type\":\"SearchAction\",\"target\":{\"@type\":\"EntryPoint\",\"urlTemplate\":\"https:\\\/\\\/julieradiestesia.com\\\/?s={search_term_string}\"},\"query-input\":{\"@type\":\"PropertyValueSpecification\",\"valueRequired\":true,\"valueName\":\"search_term_string\"}}],\"inLanguage\":\"es\"},{\"@type\":\"Organization\",\"@id\":\"https:\\\/\\\/julieradiestesia.com\\\/#organization\",\"name\":\"Juli\u00e9 de Sousa\",\"url\":\"https:\\\/\\\/julieradiestesia.com\\\/\",\"logo\":{\"@type\":\"ImageObject\",\"inLanguage\":\"es\",\"@id\":\"https:\\\/\\\/julieradiestesia.com\\\/#\\\/schema\\\/logo\\\/image\\\/\",\"url\":\"https:\\\/\\\/julieradiestesia.com\\\/wp-content\\\/uploads\\\/2020\\\/05\\\/logo1.png\",\"contentUrl\":\"https:\\\/\\\/julieradiestesia.com\\\/wp-content\\\/uploads\\\/2020\\\/05\\\/logo1.png\",\"width\":800,\"height\":300,\"caption\":\"Juli\u00e9 de Sousa\"},\"image\":{\"@id\":\"https:\\\/\\\/julieradiestesia.com\\\/#\\\/schema\\\/logo\\\/image\\\/\"}}]}<\/script>\n<!-- \/ Yoast SEO plugin. -->","yoast_head_json":{"title":"Viagens de Encontro Espiritual - Juli\u00e9 de Sousa","robots":{"index":"index","follow":"follow","max-snippet":"max-snippet:-1","max-image-preview":"max-image-preview:large","max-video-preview":"max-video-preview:-1"},"canonical":"https:\/\/julieradiestesia.com\/es\/viagens\/","og_locale":"es_ES","og_type":"article","og_title":"Viagens de Encontro Espiritual - Juli\u00e9 de Sousa","og_url":"https:\/\/julieradiestesia.com\/es\/viagens\/","og_site_name":"Juli\u00e9 de Sousa","article_modified_time":"2020-06-02T15:21:06+00:00","twitter_card":"summary_large_image","twitter_misc":{"Tiempo de lectura":"1 minuto"},"schema":{"@context":"https:\/\/schema.org","@graph":[{"@type":"WebPage","@id":"https:\/\/julieradiestesia.com\/viagens\/","url":"https:\/\/julieradiestesia.com\/viagens\/","name":"Viagens de Encontro Espiritual - Juli\u00e9 de Sousa","isPartOf":{"@id":"https:\/\/julieradiestesia.com\/#website"},"datePublished":"2020-06-01T21:50:57+00:00","dateModified":"2020-06-02T15:21:06+00:00","breadcrumb":{"@id":"https:\/\/julieradiestesia.com\/viagens\/#breadcrumb"},"inLanguage":"es","potentialAction":[{"@type":"ReadAction","target":["https:\/\/julieradiestesia.com\/viagens\/"]}]},{"@type":"BreadcrumbList","@id":"https:\/\/julieradiestesia.com\/viagens\/#breadcrumb","itemListElement":[{"@type":"ListItem","position":1,"name":"In\u00edcio","item":"https:\/\/julieradiestesia.com\/"},{"@type":"ListItem","position":2,"name":"Viagens"}]},{"@type":"WebSite","@id":"https:\/\/julieradiestesia.com\/#website","url":"https:\/\/julieradiestesia.com\/","name":"Juli\u00e9 de Sousa","description":"Radiestesia e Terapia Qu\u00e2ntica","publisher":{"@id":"https:\/\/julieradiestesia.com\/#organization"},"potentialAction":[{"@type":"SearchAction","target":{"@type":"EntryPoint","urlTemplate":"https:\/\/julieradiestesia.com\/?s={search_term_string}"},"query-input":{"@type":"PropertyValueSpecification","valueRequired":true,"valueName":"search_term_string"}}],"inLanguage":"es"},{"@type":"Organization","@id":"https:\/\/julieradiestesia.com\/#organization","name":"Juli\u00e9 de Sousa","url":"https:\/\/julieradiestesia.com\/","logo":{"@type":"ImageObject","inLanguage":"es","@id":"https:\/\/julieradiestesia.com\/#\/schema\/logo\/image\/","url":"https:\/\/julieradiestesia.com\/wp-content\/uploads\/2020\/05\/logo1.png","contentUrl":"https:\/\/julieradiestesia.com\/wp-content\/uploads\/2020\/05\/logo1.png","width":800,"height":300,"caption":"Juli\u00e9 de Sousa"},"image":{"@id":"https:\/\/julieradiestesia.com\/#\/schema\/logo\/image\/"}}]}},"_links":{"self":[{"href":"https:\/\/julieradiestesia.com\/es\/wp-json\/wp\/v2\/pages\/6604","targetHints":{"allow":["GET"]}}],"collection":[{"href":"https:\/\/julieradiestesia.com\/es\/wp-json\/wp\/v2\/pages"}],"about":[{"href":"https:\/\/julieradiestesia.com\/es\/wp-json\/wp\/v2\/types\/page"}],"author":[{"embeddable":true,"href":"https:\/\/julieradiestesia.com\/es\/wp-json\/wp\/v2\/users\/1"}],"replies":[{"embeddable":true,"href":"https:\/\/julieradiestesia.com\/es\/wp-json\/wp\/v2\/comments?post=6604"}],"version-history":[{"count":7,"href":"https:\/\/julieradiestesia.com\/es\/wp-json\/wp\/v2\/pages\/6604\/revisions"}],"predecessor-version":[{"id":6675,"href":"https:\/\/julieradiestesia.com\/es\/wp-json\/wp\/v2\/pages\/6604\/revisions\/6675"}],"wp:attachment":[{"href":"https:\/\/julieradiestesia.com\/es\/wp-json\/wp\/v2\/media?parent=6604"}],"curies":[{"name":"wp","href":"https:\/\/api.w.org\/{rel}","templated":true}]}}