{"id":6716,"date":"2020-06-04T04:15:53","date_gmt":"2020-06-04T04:15:53","guid":{"rendered":"https:\/\/julieradiestesia.com\/?page_id=6716"},"modified":"2020-10-16T19:49:50","modified_gmt":"2020-10-16T19:49:50","slug":"meditacoes","status":"publish","type":"page","link":"https:\/\/julieradiestesia.com\/es\/meditacoes\/","title":{"rendered":"Meditaciones"},"content":{"rendered":"<div class=\"wpb-content-wrapper\"><div  data-mk-stretch-content=\"true\" class=\"wpb_row vc_row vc_row-fluid jupiter-donut- mk-fullwidth-false  attched-false     js-master-row  mk-grid\">\r\n\t\t\t\t\r\n<div class=\"vc_col-sm-8 wpb_column column_container  jupiter-donut- _ jupiter-donut-height-full\">\r\n\t\r\n<div id=\"padding-2\" class=\"mk-padding-divider jupiter-donut-  jupiter-donut-clearfix\"><\/div>\r\n\r\n\r\n<h2 id=\"fancy-title-3\" class=\"mk-fancy-title  simple-style jupiter-donut-  color-single\">\r\n\t<span>\r\n\t\t\t\t<p>Meditaci\u00f3n Guiada<\/p>\n\t\t\t<\/span>\r\n<\/h2>\r\n<div class=\"clearboth\"><\/div>\r\n\r\n\r\n\r\n\r\n<h2 id=\"fancy-title-4\" class=\"mk-fancy-title  simple-style jupiter-donut-  color-single\">\r\n\t<span>\r\n\t\t\t\t<p style=\"text-align: justify;\">\u03c6 La meditaci\u00f3n es un viaje interior, un viaje de autodescubrimiento<br \/>\nEs un momento reservado para la reflexi\u00f3n y el silencio, fuera del ajetreo y el bullicio de la vida cotidiana. Tomar un descanso nos permite volver a un punto central del ser.<\/p>\n<p style=\"text-align: justify;\">La meditaci\u00f3n es la forma m\u00e1s profunda de conexi\u00f3n con nuestra esencia de Amor Incondicional, de paz con nuestro origen Divino; por lo tanto, es una parte esencial de nuestro proceso de evoluci\u00f3n consciencial y espiritual. Es el m\u00e9todo m\u00e1s efectivo para acceder a nuestra sabidur\u00eda interior, redescubrir su paz interior y aumentar su capacidad creativa. La meditaci\u00f3n restaura el bienestar y cuando el Ser est\u00e1 bien, todo lo que hace est\u00e1 lleno de \u00e9xito.<\/p>\n<p style=\"text-align: justify;\">Puede Suscribirse a nuestro canal de YouTube para recibir m\u00e1s meditaciones guiadas:<\/p>\n\t\t\t<\/span>\r\n<\/h2>\r\n<div class=\"clearboth\"><\/div>\r\n\r\n\r\n\r\n\r\n<div id=\"padding-5\" class=\"mk-padding-divider jupiter-donut-  jupiter-donut-clearfix\"><\/div>\r\n\r\n<\/div>\r\n\r\n<div class=\"vc_col-sm-4 wpb_column column_container  jupiter-donut- _ jupiter-donut-height-full\">\r\n\t\r\n<div id=\"padding-7\" class=\"mk-padding-divider jupiter-donut-  jupiter-donut-clearfix\"><\/div>\r\n\r\n\r\n\t<div  class=\"wpb_single_image wpb_content_element vc_align_center wpb_content_element\">\r\n\t\t\r\n\t\t<figure class=\"wpb_wrapper vc_figure\">\r\n\t\t\t<div class=\"vc_single_image-wrapper   vc_box_border_grey\"><img fetchpriority=\"high\" decoding=\"async\" width=\"884\" height=\"940\" src=\"https:\/\/julieradiestesia.com\/wp-content\/uploads\/2020\/10\/meditacoes.jpg\" class=\"vc_single_image-img attachment-full\" alt=\"\" title=\"meditacoes\" srcset=\"https:\/\/julieradiestesia.com\/wp-content\/uploads\/2020\/10\/meditacoes.jpg 884w, https:\/\/julieradiestesia.com\/wp-content\/uploads\/2020\/10\/meditacoes-282x300.jpg 282w, https:\/\/julieradiestesia.com\/wp-content\/uploads\/2020\/10\/meditacoes-768x817.jpg 768w\" sizes=\"(max-width: 884px) 100vw, 884px\" itemprop=\"image\" \/><\/div>\r\n\t\t<\/figure>\r\n\t<\/div>\r\n<\/div>\r\n\t<\/div>\r\n\r\n<div  data-mk-stretch-content=\"true\" class=\"wpb_row vc_row vc_row-fluid jupiter-donut- mk-fullwidth-false  attched-false     js-master-row  mk-grid\">\r\n\t\t\t\t\r\n<div class=\"vc_col-sm-6 wpb_column column_container  jupiter-donut- _ jupiter-donut-height-full\">\r\n\t<div class=\"vc_btn3-container vc_btn3-center vc_do_btn\" ><a class=\"vc_general vc_btn3 vc_btn3-size-md vc_btn3-shape-rounded vc_btn3-style-modern vc_btn3-color-violet\" href=\"https:\/\/julieradiestesia.com\/es\/meditacoes-portugues\/\" title=\"Meditaciones portuguesas\">Meditaciones portuguesas<\/a><\/div><\/div>\r\n\r\n<div class=\"vc_col-sm-6 wpb_column column_container  jupiter-donut- _ jupiter-donut-height-full\">\r\n\t<div class=\"vc_btn3-container vc_btn3-center vc_do_btn\" ><a class=\"vc_general vc_btn3 vc_btn3-size-md vc_btn3-shape-rounded vc_btn3-style-modern vc_btn3-color-violet\" href=\"https:\/\/julieradiestesia.com\/es\/meditacoes-espanhol\/\" title=\"Meditaciones espa\u00f1olas\">Meditaciones espa\u00f1olas<\/a><\/div><\/div>\r\n\t<\/div>\n<\/div>","protected":false},"excerpt":{"rendered":"Medita\u00e7\u00e3o Guiada \u03c6 A Medita\u00e7\u00e3o \u00e9 uma jornada interior, uma jornada de autodescoberta \u00c9 um momento reservado para a reflex\u00e3o e o sil\u00eancio, fora da agita\u00e7\u00e3o e ru\u00eddo da vida cotidiana. Dar uma pausa nos possibilita o retorno a um ponto central do ser. A medita\u00e7\u00e3o \u00e9 a forma mais profunda de conex\u00e3o com a [...]","protected":false},"author":1,"featured_media":0,"parent":0,"menu_order":0,"comment_status":"closed","ping_status":"closed","template":"","meta":{"_joinchat":[],"footnotes":""},"class_list":["post-6716","page","type-page","status-publish","hentry"],"yoast_head":"<!-- This site is optimized with the Yoast SEO plugin v27.4 - https:\/\/yoast.com\/product\/yoast-seo-wordpress\/ -->\n<title>Medita\u00e7\u00f5es - Juli\u00e9 de Sousa Terapeuta de Radiestesia<\/title>\n<meta name=\"robots\" content=\"index, follow, max-snippet:-1, max-image-preview:large, max-video-preview:-1\" \/>\n<link rel=\"canonical\" href=\"https:\/\/julieradiestesia.com\/es\/meditacoes\/\" \/>\n<meta property=\"og:locale\" content=\"es_ES\" \/>\n<meta property=\"og:type\" content=\"article\" \/>\n<meta property=\"og:title\" content=\"Medita\u00e7\u00f5es - Juli\u00e9 de Sousa Terapeuta de Radiestesia\" \/>\n<meta property=\"og:url\" content=\"https:\/\/julieradiestesia.com\/es\/meditacoes\/\" \/>\n<meta property=\"og:site_name\" content=\"Juli\u00e9 de Sousa\" \/>\n<meta property=\"article:modified_time\" content=\"2020-10-16T19:49:50+00:00\" \/>\n<meta name=\"twitter:card\" content=\"summary_large_image\" \/>\n<meta name=\"twitter:label1\" content=\"Tiempo de lectura\" \/>\n\t<meta name=\"twitter:data1\" content=\"1 minuto\" \/>\n<script type=\"application\/ld+json\" class=\"yoast-schema-graph\">{\"@context\":\"https:\\\/\\\/schema.org\",\"@graph\":[{\"@type\":\"WebPage\",\"@id\":\"https:\\\/\\\/julieradiestesia.com\\\/meditacoes\\\/\",\"url\":\"https:\\\/\\\/julieradiestesia.com\\\/meditacoes\\\/\",\"name\":\"Medita\u00e7\u00f5es - Juli\u00e9 de Sousa Terapeuta de Radiestesia\",\"isPartOf\":{\"@id\":\"https:\\\/\\\/julieradiestesia.com\\\/#website\"},\"datePublished\":\"2020-06-04T04:15:53+00:00\",\"dateModified\":\"2020-10-16T19:49:50+00:00\",\"breadcrumb\":{\"@id\":\"https:\\\/\\\/julieradiestesia.com\\\/meditacoes\\\/#breadcrumb\"},\"inLanguage\":\"es\",\"potentialAction\":[{\"@type\":\"ReadAction\",\"target\":[\"https:\\\/\\\/julieradiestesia.com\\\/meditacoes\\\/\"]}]},{\"@type\":\"BreadcrumbList\",\"@id\":\"https:\\\/\\\/julieradiestesia.com\\\/meditacoes\\\/#breadcrumb\",\"itemListElement\":[{\"@type\":\"ListItem\",\"position\":1,\"name\":\"In\u00edcio\",\"item\":\"https:\\\/\\\/julieradiestesia.com\\\/\"},{\"@type\":\"ListItem\",\"position\":2,\"name\":\"Medita\u00e7\u00f5es\"}]},{\"@type\":\"WebSite\",\"@id\":\"https:\\\/\\\/julieradiestesia.com\\\/#website\",\"url\":\"https:\\\/\\\/julieradiestesia.com\\\/\",\"name\":\"Juli\u00e9 de Sousa\",\"description\":\"Radiestesia e Terapia Qu\u00e2ntica\",\"publisher\":{\"@id\":\"https:\\\/\\\/julieradiestesia.com\\\/#organization\"},\"potentialAction\":[{\"@type\":\"SearchAction\",\"target\":{\"@type\":\"EntryPoint\",\"urlTemplate\":\"https:\\\/\\\/julieradiestesia.com\\\/?s={search_term_string}\"},\"query-input\":{\"@type\":\"PropertyValueSpecification\",\"valueRequired\":true,\"valueName\":\"search_term_string\"}}],\"inLanguage\":\"es\"},{\"@type\":\"Organization\",\"@id\":\"https:\\\/\\\/julieradiestesia.com\\\/#organization\",\"name\":\"Juli\u00e9 de Sousa\",\"url\":\"https:\\\/\\\/julieradiestesia.com\\\/\",\"logo\":{\"@type\":\"ImageObject\",\"inLanguage\":\"es\",\"@id\":\"https:\\\/\\\/julieradiestesia.com\\\/#\\\/schema\\\/logo\\\/image\\\/\",\"url\":\"https:\\\/\\\/julieradiestesia.com\\\/wp-content\\\/uploads\\\/2020\\\/05\\\/logo1.png\",\"contentUrl\":\"https:\\\/\\\/julieradiestesia.com\\\/wp-content\\\/uploads\\\/2020\\\/05\\\/logo1.png\",\"width\":800,\"height\":300,\"caption\":\"Juli\u00e9 de Sousa\"},\"image\":{\"@id\":\"https:\\\/\\\/julieradiestesia.com\\\/#\\\/schema\\\/logo\\\/image\\\/\"}}]}<\/script>\n<!-- \/ Yoast SEO plugin. -->","yoast_head_json":{"title":"Medita\u00e7\u00f5es - Juli\u00e9 de Sousa Terapeuta de Radiestesia","robots":{"index":"index","follow":"follow","max-snippet":"max-snippet:-1","max-image-preview":"max-image-preview:large","max-video-preview":"max-video-preview:-1"},"canonical":"https:\/\/julieradiestesia.com\/es\/meditacoes\/","og_locale":"es_ES","og_type":"article","og_title":"Medita\u00e7\u00f5es - Juli\u00e9 de Sousa Terapeuta de Radiestesia","og_url":"https:\/\/julieradiestesia.com\/es\/meditacoes\/","og_site_name":"Juli\u00e9 de Sousa","article_modified_time":"2020-10-16T19:49:50+00:00","twitter_card":"summary_large_image","twitter_misc":{"Tiempo de lectura":"1 minuto"},"schema":{"@context":"https:\/\/schema.org","@graph":[{"@type":"WebPage","@id":"https:\/\/julieradiestesia.com\/meditacoes\/","url":"https:\/\/julieradiestesia.com\/meditacoes\/","name":"Medita\u00e7\u00f5es - Juli\u00e9 de Sousa Terapeuta de Radiestesia","isPartOf":{"@id":"https:\/\/julieradiestesia.com\/#website"},"datePublished":"2020-06-04T04:15:53+00:00","dateModified":"2020-10-16T19:49:50+00:00","breadcrumb":{"@id":"https:\/\/julieradiestesia.com\/meditacoes\/#breadcrumb"},"inLanguage":"es","potentialAction":[{"@type":"ReadAction","target":["https:\/\/julieradiestesia.com\/meditacoes\/"]}]},{"@type":"BreadcrumbList","@id":"https:\/\/julieradiestesia.com\/meditacoes\/#breadcrumb","itemListElement":[{"@type":"ListItem","position":1,"name":"In\u00edcio","item":"https:\/\/julieradiestesia.com\/"},{"@type":"ListItem","position":2,"name":"Medita\u00e7\u00f5es"}]},{"@type":"WebSite","@id":"https:\/\/julieradiestesia.com\/#website","url":"https:\/\/julieradiestesia.com\/","name":"Juli\u00e9 de Sousa","description":"Radiestesia e Terapia Qu\u00e2ntica","publisher":{"@id":"https:\/\/julieradiestesia.com\/#organization"},"potentialAction":[{"@type":"SearchAction","target":{"@type":"EntryPoint","urlTemplate":"https:\/\/julieradiestesia.com\/?s={search_term_string}"},"query-input":{"@type":"PropertyValueSpecification","valueRequired":true,"valueName":"search_term_string"}}],"inLanguage":"es"},{"@type":"Organization","@id":"https:\/\/julieradiestesia.com\/#organization","name":"Juli\u00e9 de Sousa","url":"https:\/\/julieradiestesia.com\/","logo":{"@type":"ImageObject","inLanguage":"es","@id":"https:\/\/julieradiestesia.com\/#\/schema\/logo\/image\/","url":"https:\/\/julieradiestesia.com\/wp-content\/uploads\/2020\/05\/logo1.png","contentUrl":"https:\/\/julieradiestesia.com\/wp-content\/uploads\/2020\/05\/logo1.png","width":800,"height":300,"caption":"Juli\u00e9 de Sousa"},"image":{"@id":"https:\/\/julieradiestesia.com\/#\/schema\/logo\/image\/"}}]}},"_links":{"self":[{"href":"https:\/\/julieradiestesia.com\/es\/wp-json\/wp\/v2\/pages\/6716","targetHints":{"allow":["GET"]}}],"collection":[{"href":"https:\/\/julieradiestesia.com\/es\/wp-json\/wp\/v2\/pages"}],"about":[{"href":"https:\/\/julieradiestesia.com\/es\/wp-json\/wp\/v2\/types\/page"}],"author":[{"embeddable":true,"href":"https:\/\/julieradiestesia.com\/es\/wp-json\/wp\/v2\/users\/1"}],"replies":[{"embeddable":true,"href":"https:\/\/julieradiestesia.com\/es\/wp-json\/wp\/v2\/comments?post=6716"}],"version-history":[{"count":12,"href":"https:\/\/julieradiestesia.com\/es\/wp-json\/wp\/v2\/pages\/6716\/revisions"}],"predecessor-version":[{"id":7094,"href":"https:\/\/julieradiestesia.com\/es\/wp-json\/wp\/v2\/pages\/6716\/revisions\/7094"}],"wp:attachment":[{"href":"https:\/\/julieradiestesia.com\/es\/wp-json\/wp\/v2\/media?parent=6716"}],"curies":[{"name":"wp","href":"https:\/\/api.w.org\/{rel}","templated":true}]}}