{"id":6957,"date":"2020-09-22T01:12:25","date_gmt":"2020-09-22T01:12:25","guid":{"rendered":"https:\/\/julieradiestesia.com\/?page_id=6957"},"modified":"2020-10-10T00:44:28","modified_gmt":"2020-10-10T00:44:28","slug":"relogios-mandalas","status":"publish","type":"page","link":"https:\/\/julieradiestesia.com\/es\/relogios-mandalas\/","title":{"rendered":"Rel\u00f3gios com Mandalas"},"content":{"rendered":"<div class=\"wpb-content-wrapper\"><div  data-mk-stretch-content=\"true\" class=\"wpb_row vc_row vc_row-fluid jupiter-donut- mk-fullwidth-false  attched-false     js-master-row  mk-grid\">\r\n\t\t\t\t\r\n<div class=\"vc_col-sm-12 wpb_column column_container  jupiter-donut- _ jupiter-donut-height-full\">\r\n\t\r\n<div id=\"padding-2\" class=\"mk-padding-divider jupiter-donut-  jupiter-donut-clearfix\"><\/div>\r\n\r\n<\/div>\r\n\t<\/div>\r\n\r\n<div  data-mk-stretch-content=\"true\" class=\"wpb_row vc_row vc_row-fluid jupiter-donut- mk-fullwidth-false  attched-false     js-master-row  mk-grid\">\r\n\t\t\t\t\r\n<div class=\"vc_col-sm-6 wpb_column column_container  jupiter-donut- _ jupiter-donut-height-full\">\r\n\t\r\n\t<div  class=\"wpb_single_image wpb_content_element vc_align_left wpb_content_element\">\r\n\t\t\r\n\t\t<figure class=\"wpb_wrapper vc_figure\">\r\n\t\t\t<div class=\"vc_single_image-wrapper   vc_box_border_grey\"><img fetchpriority=\"high\" decoding=\"async\" width=\"1024\" height=\"1024\" src=\"https:\/\/julieradiestesia.com\/wp-content\/uploads\/2020\/09\/mandala-03-felicidade-1024x1024.jpg\" class=\"vc_single_image-img attachment-large\" alt=\"\" title=\"mandala-03-felicidade\" srcset=\"https:\/\/julieradiestesia.com\/wp-content\/uploads\/2020\/09\/mandala-03-felicidade-1024x1024.jpg 1024w, https:\/\/julieradiestesia.com\/wp-content\/uploads\/2020\/09\/mandala-03-felicidade-150x150.jpg 150w\" sizes=\"(max-width: 1024px) 100vw, 1024px\" itemprop=\"image\" \/><\/div>\r\n\t\t<\/figure>\r\n\t<\/div>\r\n<\/div>\r\n\r\n<div class=\"vc_col-sm-6 wpb_column column_container  jupiter-donut- _ jupiter-donut-height-full\">\r\n\t\r\n<h2 id=\"fancy-title-5\" class=\"mk-fancy-title  simple-style jupiter-donut-  color-single\">\r\n\t<span>\r\n\t\t\t\t<h1><strong>Rel\u00f3gios Artesanais<\/strong><\/h1>\n\t\t\t<\/span>\r\n<\/h2>\r\n<div class=\"clearboth\"><\/div>\r\n\r\n\r\n\r\n\r\n<h2 id=\"fancy-title-6\" class=\"mk-fancy-title  simple-style jupiter-donut-  color-single\">\r\n\t<span>\r\n\t\t\t\t<p>Rel\u00f3gios Artesanais com Mandalas Terap\u00eauticos e de Harmoniza\u00e7\u00e3o Personalizados<\/p>\n<p>Mandala significa &#8220;C\u00edrculo&#8221; em s\u00e2nscrito. Tamb\u00e9m conhecido como &#8220;C\u00edrculo M\u00e1gico&#8221;, \u00e9 representado por c\u00edrculos e formas derivadas do c\u00edrculo.<\/p>\n<p>Estes s\u00edmbolos, instrumentos de pensamento e medita\u00e7\u00e3o usados \u200b\u200bh\u00e1 muitos anos.<br \/>\nEsta arte milenar permite-nos alcan\u00e7ar a medita\u00e7\u00e3o e concentra\u00e7\u00e3o atrav\u00e9s de um simples desenho, para melhor compreender a nossa pr\u00f3pria natureza e aumentar e ativar a nossa criatividade.<\/p>\n<p>Uma Mandala pode variar em cor e desenho, mas \u00e9 basicamente composta por um centro e quatro pontos cardeais.<\/p>\n<p>Se meditarmos com Mandalas, podemos experimentar benef\u00edcios f\u00edsicos, mentais e espirituais. Alguns de seus benef\u00edcios s\u00e3o:<\/p>\n<p>-Entre em um estado de medita\u00e7\u00e3o, paz e auto-aceita\u00e7\u00e3o.<br \/>\n-Aliviar estresse.<br \/>\n-Autocura f\u00edsica, mental e emocional.<br \/>\n-Melhora a concentra\u00e7\u00e3o.<br \/>\n-Potencialize e ative nossa criatividade.<br \/>\n-Investigue nosso interior e autoconhecimento.<br \/>\n-Voltar para o nosso centro<br \/>\n-Acalmar a mente<br \/>\n-Desenvolver clareza, foco, presen\u00e7a<br \/>\n-Equilibrar os opostos na consci\u00eancia<br \/>\n-Acionar n\u00facleos internos de for\u00e7a<br \/>\n-Experimentar uma realidade de harmonia, significado e unidade<\/p>\n<p>&#x1f33b;Porque ter uma mandala e um rel\u00f3gio personalizados no nosso lar ou centro de trabalho?<\/p>\n<p>Como explicamos, olhar para una mandala nos ajuda a harmonizar e equilibrar a nossa energia.<br \/>\nAssim mesmo com uma mandala personalizada podemos gerar essa harmonia no lugar de trabalho ou na nossa casa. Com o endere\u00e7o certo e os nomes das pessoas que moram no lar ou dos donos do estabelecimento no caso de uma empresa, podemos verificar a mandala que pode harmonizar melhor o espa\u00e7o.<\/p>\n<p>Colocamos junto de um rel\u00f3gio (recomendamos colocar no lugar principal da casa ou estabelecimento) sendo que as pessoas v\u00e3o sempre dirigir o seu olhar ali para gerenciar o seu tempo, assim mesmo para tirar o estresse que significa para muitas pessoas, estar correndo contra o tempo constantemente. Por tanto, Al\u00e9m de harmonizar o espa\u00e7o, tamb\u00e9m ajuda a harmonizar a energia das pessoas e sua rela\u00e7\u00e3o com o tempo.<\/p>\n<p>Encomende o seu! Programamos a mandala com a Radiestesia para emitir a vibra\u00e7\u00e3o que o lugar precisa. &#x1f64f;&#x2721;&#x1f33b;&#x1f549;&#x1f496;&#x2728;<\/p>\n\t\t\t<\/span>\r\n<\/h2>\r\n<div class=\"clearboth\"><\/div>\r\n\r\n\r\n\r\n<\/div>\r\n\t<\/div>\r\n\r\n<div  data-mk-stretch-content=\"true\" class=\"wpb_row vc_row vc_row-fluid jupiter-donut- mk-fullwidth-false  attched-false     js-master-row  mk-grid\">\r\n\t\t\t\t\r\n<div class=\"vc_col-sm-12 wpb_column column_container  jupiter-donut- _ jupiter-donut-height-full\">\r\n\t\r\n<div class=\"posts-carousel   jupiter-donut-\">\r\n\r\n    \r\n    <div class=\"mk-flexslider mk-script-call js-flexslider\" data-animation=\"slide\" data-easing=\"swing\" data-direction=\"horizontal\" data-smoothheight=\"false\" data-slideshowspeed=\"4000\" data-animationspeed=\"500\" data-pauseonhover=\"true\" data-controlnav=\"false\" data-directionnav=\"true\" data-iscarousel=\"true\" data-itemwidth=\"260\" data-itemmargin=\"0\" data-minitems=\"1\" data-maxitems=\"4\" data-move=\"1\">\r\n        <ul class=\"mk-flex-slides\">\r\n\r\n            \r\n                        <li>\r\n                            <div class=\"item-holder\">\r\n\r\n                                <div class=\"item-thumb\">\r\n                                    <a class=\"full-cover-link\" href=\"https:\/\/julieradiestesia.com\/es\/mandala-om\/\"><\/a>\r\n                                    \r\n<img decoding=\"async\" src=\"https:\/\/julieradiestesia.com\/wp-content\/uploads\/bfi_thumb\/dummy-transparent-rfbotm3tk6ayqh7l136d3v9paihjfo5sqcly3os5e0.png\" data-mk-image-src-set='{\"default\":\"https:\/\/julieradiestesia.com\/wp-content\/uploads\/2020\/09\/mandala-omnovo-245x180.jpg\",\"2x\":\"https:\/\/julieradiestesia.com\/wp-content\/uploads\/2020\/09\/mandala-omnovo-490x360.jpg\",\"mobile\":\"\",\"responsive\":\"true\"}' width=\"245\" height=\"180\" alt=\"Mandala Om\" title=\"Mandala Om\" loading=\"lazy\" \/>                                <\/div>\r\n\r\n                                <div class=\"detail-holder\">\r\n                                    <h5 class=\"item-title\">\r\n\t<a href=\"https:\/\/julieradiestesia.com\/es\/mandala-om\/\">Mandala Om<\/a>\r\n<\/h5>                                                                    <\/div>\r\n\r\n                            <\/div>\r\n                        <\/li>\r\n\r\n                    \r\n                        <li>\r\n                            <div class=\"item-holder\">\r\n\r\n                                <div class=\"item-thumb\">\r\n                                    <a class=\"full-cover-link\" href=\"https:\/\/julieradiestesia.com\/es\/mandala-02-paz\/\"><\/a>\r\n                                    \r\n<img decoding=\"async\" src=\"https:\/\/julieradiestesia.com\/wp-content\/uploads\/bfi_thumb\/dummy-transparent-rfbotm3tk6ayqh7l136d3v9paihjfo5sqcly3os5e0.png\" data-mk-image-src-set='{\"default\":\"https:\/\/julieradiestesia.com\/wp-content\/uploads\/2020\/09\/mandala-02-paznovo-245x180.jpg\",\"2x\":\"https:\/\/julieradiestesia.com\/wp-content\/uploads\/2020\/09\/mandala-02-paznovo-490x360.jpg\",\"mobile\":\"\",\"responsive\":\"true\"}' width=\"245\" height=\"180\" alt=\"Mandala 02- Paz\" title=\"Mandala 02- Paz\" loading=\"lazy\" \/>                                <\/div>\r\n\r\n                                <div class=\"detail-holder\">\r\n                                    <h5 class=\"item-title\">\r\n\t<a href=\"https:\/\/julieradiestesia.com\/es\/mandala-02-paz\/\">Mandala 02- Paz<\/a>\r\n<\/h5>                                                                    <\/div>\r\n\r\n                            <\/div>\r\n                        <\/li>\r\n\r\n                    \r\n                        <li>\r\n                            <div class=\"item-holder\">\r\n\r\n                                <div class=\"item-thumb\">\r\n                                    <a class=\"full-cover-link\" href=\"https:\/\/julieradiestesia.com\/es\/mandala-03-felicidade\/\"><\/a>\r\n                                    \r\n<img loading=\"lazy\" decoding=\"async\" src=\"https:\/\/julieradiestesia.com\/wp-content\/uploads\/bfi_thumb\/dummy-transparent-rfbotm3tk6ayqh7l136d3v9paihjfo5sqcly3os5e0.png\" data-mk-image-src-set='{\"default\":\"https:\/\/julieradiestesia.com\/wp-content\/uploads\/2020\/09\/mandala-03-felicidadenovo-245x180.jpg\",\"2x\":\"https:\/\/julieradiestesia.com\/wp-content\/uploads\/2020\/09\/mandala-03-felicidadenovo-490x360.jpg\",\"mobile\":\"\",\"responsive\":\"true\"}' width=\"245\" height=\"180\" alt=\"Mandala 03- Felicidade\" title=\"Mandala 03- Felicidade\" \/>                                <\/div>\r\n\r\n                                <div class=\"detail-holder\">\r\n                                    <h5 class=\"item-title\">\r\n\t<a href=\"https:\/\/julieradiestesia.com\/es\/mandala-03-felicidade\/\">Mandala 03- Felicidade<\/a>\r\n<\/h5>                                                                    <\/div>\r\n\r\n                            <\/div>\r\n                        <\/li>\r\n\r\n                    \r\n                        <li>\r\n                            <div class=\"item-holder\">\r\n\r\n                                <div class=\"item-thumb\">\r\n                                    <a class=\"full-cover-link\" href=\"https:\/\/julieradiestesia.com\/es\/triskle\/\"><\/a>\r\n                                    \r\n<img loading=\"lazy\" decoding=\"async\" src=\"https:\/\/julieradiestesia.com\/wp-content\/uploads\/bfi_thumb\/dummy-transparent-rfbotm3tk6ayqh7l136d3v9paihjfo5sqcly3os5e0.png\" data-mk-image-src-set='{\"default\":\"https:\/\/julieradiestesia.com\/wp-content\/uploads\/2020\/09\/trisklenovo-245x180.jpg\",\"2x\":\"https:\/\/julieradiestesia.com\/wp-content\/uploads\/2020\/09\/trisklenovo-490x360.jpg\",\"mobile\":\"\",\"responsive\":\"true\"}' width=\"245\" height=\"180\" alt=\"Triskle\" title=\"Triskle\" \/>                                <\/div>\r\n\r\n                                <div class=\"detail-holder\">\r\n                                    <h5 class=\"item-title\">\r\n\t<a href=\"https:\/\/julieradiestesia.com\/es\/triskle\/\">Triskle<\/a>\r\n<\/h5>                                                                    <\/div>\r\n\r\n                            <\/div>\r\n                        <\/li>\r\n\r\n                    \r\n                        <li>\r\n                            <div class=\"item-holder\">\r\n\r\n                                <div class=\"item-thumb\">\r\n                                    <a class=\"full-cover-link\" href=\"https:\/\/julieradiestesia.com\/es\/mandala-01-harmonia\/\"><\/a>\r\n                                    \r\n<img loading=\"lazy\" decoding=\"async\" src=\"https:\/\/julieradiestesia.com\/wp-content\/uploads\/bfi_thumb\/dummy-transparent-rfbotm3tk6ayqh7l136d3v9paihjfo5sqcly3os5e0.png\" data-mk-image-src-set='{\"default\":\"https:\/\/julieradiestesia.com\/wp-content\/uploads\/2020\/09\/mandala-01-harmonianovo-245x180.jpg\",\"2x\":\"https:\/\/julieradiestesia.com\/wp-content\/uploads\/2020\/09\/mandala-01-harmonianovo-490x360.jpg\",\"mobile\":\"\",\"responsive\":\"true\"}' width=\"245\" height=\"180\" alt=\"Mandala 01 &#8211; Harmonia\" title=\"Mandala 01 &#8211; Harmonia\" \/>                                <\/div>\r\n\r\n                                <div class=\"detail-holder\">\r\n                                    <h5 class=\"item-title\">\r\n\t<a href=\"https:\/\/julieradiestesia.com\/es\/mandala-01-harmonia\/\">Mandala 01 &#8211; Harmonia<\/a>\r\n<\/h5>                                                                    <\/div>\r\n\r\n                            <\/div>\r\n                        <\/li>\r\n\r\n                            <\/ul>\r\n    <\/div>\r\n    <div class=\"clearboth\"><\/div>\r\n<\/div>\r\n<\/div>\r\n\t<\/div>\n<\/div>","protected":false},"excerpt":{"rendered":"Material: MDFMedida: 35 cm de Di\u00e2metroMandala em Adesivo R$ 152,00 (Frete Gr\u00e1tis) COMPRAR","protected":false},"author":1,"featured_media":0,"parent":0,"menu_order":0,"comment_status":"closed","ping_status":"closed","template":"","meta":{"_joinchat":[],"footnotes":""},"class_list":["post-6957","page","type-page","status-publish","hentry"],"yoast_head":"<!-- This site is optimized with the Yoast SEO plugin v27.4 - https:\/\/yoast.com\/product\/yoast-seo-wordpress\/ -->\n<title>Rel\u00f3gios com Mandalas - Juli\u00e9 de Sousa<\/title>\n<meta name=\"robots\" content=\"index, follow, max-snippet:-1, max-image-preview:large, max-video-preview:-1\" \/>\n<link rel=\"canonical\" href=\"https:\/\/julieradiestesia.com\/es\/relogios-mandalas\/\" \/>\n<meta property=\"og:locale\" content=\"es_ES\" \/>\n<meta property=\"og:type\" content=\"article\" \/>\n<meta property=\"og:title\" content=\"Rel\u00f3gios com Mandalas - Juli\u00e9 de Sousa\" \/>\n<meta property=\"og:url\" content=\"https:\/\/julieradiestesia.com\/es\/relogios-mandalas\/\" \/>\n<meta property=\"og:site_name\" content=\"Juli\u00e9 de Sousa\" \/>\n<meta property=\"article:modified_time\" content=\"2020-10-10T00:44:28+00:00\" \/>\n<meta name=\"twitter:card\" content=\"summary_large_image\" \/>\n<meta name=\"twitter:label1\" content=\"Tiempo de lectura\" \/>\n\t<meta name=\"twitter:data1\" content=\"2 minutos\" \/>\n<script type=\"application\/ld+json\" class=\"yoast-schema-graph\">{\"@context\":\"https:\\\/\\\/schema.org\",\"@graph\":[{\"@type\":\"WebPage\",\"@id\":\"https:\\\/\\\/julieradiestesia.com\\\/relogios-mandalas\\\/\",\"url\":\"https:\\\/\\\/julieradiestesia.com\\\/relogios-mandalas\\\/\",\"name\":\"Rel\u00f3gios com Mandalas - Juli\u00e9 de Sousa\",\"isPartOf\":{\"@id\":\"https:\\\/\\\/julieradiestesia.com\\\/#website\"},\"datePublished\":\"2020-09-22T01:12:25+00:00\",\"dateModified\":\"2020-10-10T00:44:28+00:00\",\"breadcrumb\":{\"@id\":\"https:\\\/\\\/julieradiestesia.com\\\/relogios-mandalas\\\/#breadcrumb\"},\"inLanguage\":\"es\",\"potentialAction\":[{\"@type\":\"ReadAction\",\"target\":[\"https:\\\/\\\/julieradiestesia.com\\\/relogios-mandalas\\\/\"]}]},{\"@type\":\"BreadcrumbList\",\"@id\":\"https:\\\/\\\/julieradiestesia.com\\\/relogios-mandalas\\\/#breadcrumb\",\"itemListElement\":[{\"@type\":\"ListItem\",\"position\":1,\"name\":\"In\u00edcio\",\"item\":\"https:\\\/\\\/julieradiestesia.com\\\/\"},{\"@type\":\"ListItem\",\"position\":2,\"name\":\"Rel\u00f3gios com Mandalas\"}]},{\"@type\":\"WebSite\",\"@id\":\"https:\\\/\\\/julieradiestesia.com\\\/#website\",\"url\":\"https:\\\/\\\/julieradiestesia.com\\\/\",\"name\":\"Juli\u00e9 de Sousa\",\"description\":\"Radiestesia e Terapia Qu\u00e2ntica\",\"publisher\":{\"@id\":\"https:\\\/\\\/julieradiestesia.com\\\/#organization\"},\"potentialAction\":[{\"@type\":\"SearchAction\",\"target\":{\"@type\":\"EntryPoint\",\"urlTemplate\":\"https:\\\/\\\/julieradiestesia.com\\\/?s={search_term_string}\"},\"query-input\":{\"@type\":\"PropertyValueSpecification\",\"valueRequired\":true,\"valueName\":\"search_term_string\"}}],\"inLanguage\":\"es\"},{\"@type\":\"Organization\",\"@id\":\"https:\\\/\\\/julieradiestesia.com\\\/#organization\",\"name\":\"Juli\u00e9 de Sousa\",\"url\":\"https:\\\/\\\/julieradiestesia.com\\\/\",\"logo\":{\"@type\":\"ImageObject\",\"inLanguage\":\"es\",\"@id\":\"https:\\\/\\\/julieradiestesia.com\\\/#\\\/schema\\\/logo\\\/image\\\/\",\"url\":\"https:\\\/\\\/julieradiestesia.com\\\/wp-content\\\/uploads\\\/2020\\\/05\\\/logo1.png\",\"contentUrl\":\"https:\\\/\\\/julieradiestesia.com\\\/wp-content\\\/uploads\\\/2020\\\/05\\\/logo1.png\",\"width\":800,\"height\":300,\"caption\":\"Juli\u00e9 de Sousa\"},\"image\":{\"@id\":\"https:\\\/\\\/julieradiestesia.com\\\/#\\\/schema\\\/logo\\\/image\\\/\"}}]}<\/script>\n<!-- \/ Yoast SEO plugin. -->","yoast_head_json":{"title":"Rel\u00f3gios com Mandalas - Juli\u00e9 de Sousa","robots":{"index":"index","follow":"follow","max-snippet":"max-snippet:-1","max-image-preview":"max-image-preview:large","max-video-preview":"max-video-preview:-1"},"canonical":"https:\/\/julieradiestesia.com\/es\/relogios-mandalas\/","og_locale":"es_ES","og_type":"article","og_title":"Rel\u00f3gios com Mandalas - Juli\u00e9 de Sousa","og_url":"https:\/\/julieradiestesia.com\/es\/relogios-mandalas\/","og_site_name":"Juli\u00e9 de Sousa","article_modified_time":"2020-10-10T00:44:28+00:00","twitter_card":"summary_large_image","twitter_misc":{"Tiempo de lectura":"2 minutos"},"schema":{"@context":"https:\/\/schema.org","@graph":[{"@type":"WebPage","@id":"https:\/\/julieradiestesia.com\/relogios-mandalas\/","url":"https:\/\/julieradiestesia.com\/relogios-mandalas\/","name":"Rel\u00f3gios com Mandalas - Juli\u00e9 de Sousa","isPartOf":{"@id":"https:\/\/julieradiestesia.com\/#website"},"datePublished":"2020-09-22T01:12:25+00:00","dateModified":"2020-10-10T00:44:28+00:00","breadcrumb":{"@id":"https:\/\/julieradiestesia.com\/relogios-mandalas\/#breadcrumb"},"inLanguage":"es","potentialAction":[{"@type":"ReadAction","target":["https:\/\/julieradiestesia.com\/relogios-mandalas\/"]}]},{"@type":"BreadcrumbList","@id":"https:\/\/julieradiestesia.com\/relogios-mandalas\/#breadcrumb","itemListElement":[{"@type":"ListItem","position":1,"name":"In\u00edcio","item":"https:\/\/julieradiestesia.com\/"},{"@type":"ListItem","position":2,"name":"Rel\u00f3gios com Mandalas"}]},{"@type":"WebSite","@id":"https:\/\/julieradiestesia.com\/#website","url":"https:\/\/julieradiestesia.com\/","name":"Juli\u00e9 de Sousa","description":"Radiestesia e Terapia Qu\u00e2ntica","publisher":{"@id":"https:\/\/julieradiestesia.com\/#organization"},"potentialAction":[{"@type":"SearchAction","target":{"@type":"EntryPoint","urlTemplate":"https:\/\/julieradiestesia.com\/?s={search_term_string}"},"query-input":{"@type":"PropertyValueSpecification","valueRequired":true,"valueName":"search_term_string"}}],"inLanguage":"es"},{"@type":"Organization","@id":"https:\/\/julieradiestesia.com\/#organization","name":"Juli\u00e9 de Sousa","url":"https:\/\/julieradiestesia.com\/","logo":{"@type":"ImageObject","inLanguage":"es","@id":"https:\/\/julieradiestesia.com\/#\/schema\/logo\/image\/","url":"https:\/\/julieradiestesia.com\/wp-content\/uploads\/2020\/05\/logo1.png","contentUrl":"https:\/\/julieradiestesia.com\/wp-content\/uploads\/2020\/05\/logo1.png","width":800,"height":300,"caption":"Juli\u00e9 de Sousa"},"image":{"@id":"https:\/\/julieradiestesia.com\/#\/schema\/logo\/image\/"}}]}},"_links":{"self":[{"href":"https:\/\/julieradiestesia.com\/es\/wp-json\/wp\/v2\/pages\/6957","targetHints":{"allow":["GET"]}}],"collection":[{"href":"https:\/\/julieradiestesia.com\/es\/wp-json\/wp\/v2\/pages"}],"about":[{"href":"https:\/\/julieradiestesia.com\/es\/wp-json\/wp\/v2\/types\/page"}],"author":[{"embeddable":true,"href":"https:\/\/julieradiestesia.com\/es\/wp-json\/wp\/v2\/users\/1"}],"replies":[{"embeddable":true,"href":"https:\/\/julieradiestesia.com\/es\/wp-json\/wp\/v2\/comments?post=6957"}],"version-history":[{"count":5,"href":"https:\/\/julieradiestesia.com\/es\/wp-json\/wp\/v2\/pages\/6957\/revisions"}],"predecessor-version":[{"id":7087,"href":"https:\/\/julieradiestesia.com\/es\/wp-json\/wp\/v2\/pages\/6957\/revisions\/7087"}],"wp:attachment":[{"href":"https:\/\/julieradiestesia.com\/es\/wp-json\/wp\/v2\/media?parent=6957"}],"curies":[{"name":"wp","href":"https:\/\/api.w.org\/{rel}","templated":true}]}}