{"id":6964,"date":"2020-09-22T01:34:45","date_gmt":"2020-09-22T01:34:45","guid":{"rendered":"https:\/\/julieradiestesia.com\/?page_id=6964"},"modified":"2020-10-10T00:44:47","modified_gmt":"2020-10-10T00:44:47","slug":"joias-que-curam","status":"publish","type":"page","link":"https:\/\/julieradiestesia.com\/es\/joias-que-curam\/","title":{"rendered":"Joias que Curam"},"content":{"rendered":"<div class=\"wpb-content-wrapper\"><div  data-mk-stretch-content=\"true\" class=\"wpb_row vc_row vc_row-fluid jupiter-donut- mk-fullwidth-false  attched-false     js-master-row  mk-grid\">\r\n\t\t\t\t\r\n<div class=\"vc_col-sm-6 wpb_column column_container  jupiter-donut- _ jupiter-donut-height-full\">\r\n\t\r\n\t<div  class=\"wpb_single_image wpb_content_element vc_align_left wpb_content_element\">\r\n\t\t\r\n\t\t<figure class=\"wpb_wrapper vc_figure\">\r\n\t\t\t<div class=\"vc_single_image-wrapper   vc_box_border_grey\"><img fetchpriority=\"high\" decoding=\"async\" width=\"1024\" height=\"1024\" src=\"https:\/\/julieradiestesia.com\/wp-content\/uploads\/2020\/09\/2-1024x1024.jpeg\" class=\"vc_single_image-img attachment-large\" alt=\"\" title=\"2\" srcset=\"https:\/\/julieradiestesia.com\/wp-content\/uploads\/2020\/09\/2-1024x1024.jpeg 1024w, https:\/\/julieradiestesia.com\/wp-content\/uploads\/2020\/09\/2-300x300.jpeg 300w, https:\/\/julieradiestesia.com\/wp-content\/uploads\/2020\/09\/2-150x150.jpeg 150w, https:\/\/julieradiestesia.com\/wp-content\/uploads\/2020\/09\/2-768x768.jpeg 768w, https:\/\/julieradiestesia.com\/wp-content\/uploads\/2020\/09\/2.jpeg 800w\" sizes=\"(max-width: 1024px) 100vw, 1024px\" itemprop=\"image\" \/><\/div>\r\n\t\t<\/figure>\r\n\t<\/div>\r\n<\/div>\r\n\r\n<div class=\"vc_col-sm-6 wpb_column column_container  jupiter-donut- _ jupiter-donut-height-full\">\r\n\t\r\n<h3  id=\"mk-title-box-3\" class=\"mk-title-box jupiter-donut-clearfix  jupiter-donut-\">\r\n\t<span><\/p>\n<h1><strong>Joias de Radiestesia<\/strong><\/h1>\n<p><\/span>\r\n<\/h3>\r\n\r\n\r\n<div id=\"text-block-4\" class=\"mk-text-block  jupiter-donut-\">\r\n\r\n\t\r\n\t<p>Joias que Curam da Radiestesia Terap\u00eautica<\/p>\n<p>S\u00e3o Joias folheadas em ouro e em Prata, feitas de acordo \u00e0 propor\u00e7\u00e3o \u00e1urea. E programadas especialmente e de acordo \u00e0s necessidades de cada pessoa a n\u00edvel energ\u00e9tico.<\/p>\n<p>&#x2728;De que forma podem nos ajudar?<br \/>\nS\u00e3o joias programadas, com o fim de manter e corrigir o nosso campo energ\u00e9tico vibracional elevado.<\/p>\n<p>&#x2728;Escolha a sua:<\/p>\n<p>&#x1f33b;Potetor de Ondas Eletromagn\u00e9ticas<br \/>\nVai nos proteger da influ\u00eancia das ondas de r\u00e1dio, TV, Wi-fi, telefonia m\u00f3vel, etc. Dado que estas podem gerar bloqueios na nossa gl\u00e2ndula pineal, nos impedindo de conectar de forma mais fluida com a nossa ess\u00eancia.<\/p>\n<p>&#x1f33b;Protetor de todo tipo de Energias Et\u00e9reas<br \/>\nProtetor energ\u00e9tico programado com a geometria sagrada e a energia da Fonte de Amor Incondicional, para impedir que qualquer tipo de energia de baixa frequ\u00eancia vibracional fique no nosso campo energ\u00e9tico, transmutando a energia naquele instante. Assim como ataques energ\u00e9ticos de todo tipo, sejam inconscientes ou propositais, olho grande, desejos ou decretos negativos, implantes, entre outros.<br \/>\nMantendo assim, os chacras e aura harm\u00f4nizados.<\/p>\n<p>&#x1f33b; Harmonizador Energ\u00e9tico<br \/>\nProgramoos a joia segundo \u00e0 aquela energia que precisa ser potencializado em cada pessoa, seja o empoderamento, amor pr\u00f3prio e autoconfian\u00e7a, express\u00e3o e Poder de Co-criar, Ancoramento no planeta Terra, Motivar a paix\u00e3o e alegria pela vida, Ativa\u00e7\u00e3o da Gl\u00e2ndula Pineal para abrir os nossos canais extra sensoriais sem efeitos contraproducentes, Desapego para fluir na Vida com leveza, e Ativa\u00e7\u00e3o e Prote\u00e7\u00e3o do chakra Coroa, para receber a informa\u00e7\u00e3o canalizada a trav\u00e9s do nosso Eu Superior, numa frequ\u00eancia de verdade e amor Incondicional, potencializar e harmonizar o nosso sistema imunol\u00f3gico, entre outros.<\/p>\n<p>Contate-nos para maiores informa\u00e7\u00f5es sobre Joias que Curam de acordo aquilo que voc\u00ea precisa. Para as devidas verifica\u00e7\u00f5es energ\u00e9ticas precisamos dos seu nome e data de nascimento.<\/p>\n<p>Om Shanti &#x1f64f;&#x2728;&#x2721;&#x1f549;<\/p>\n\r\n\t<div class=\"clearboth\"><\/div>\r\n<\/div>\r\n\r\n<\/div>\r\n\t<\/div>\r\n\r\n<div  data-mk-stretch-content=\"true\" class=\"wpb_row vc_row vc_row-fluid jupiter-donut- mk-fullwidth-false  attched-false     js-master-row  mk-grid\">\r\n\t\t\t\t\r\n<div class=\"vc_col-sm-12 wpb_column column_container  jupiter-donut- _ jupiter-donut-height-full\">\r\n\t\r\n<div class=\"posts-carousel   jupiter-donut-\">\r\n\r\n    \r\n    <div class=\"mk-flexslider mk-script-call js-flexslider\" data-animation=\"slide\" data-easing=\"swing\" data-direction=\"horizontal\" data-smoothheight=\"false\" data-slideshowspeed=\"4000\" data-animationspeed=\"500\" data-pauseonhover=\"true\" data-controlnav=\"false\" data-directionnav=\"true\" data-iscarousel=\"true\" data-itemwidth=\"260\" data-itemmargin=\"0\" data-minitems=\"1\" data-maxitems=\"4\" data-move=\"1\">\r\n        <ul class=\"mk-flex-slides\">\r\n\r\n            \r\n                        <li>\r\n                            <div class=\"item-holder\">\r\n\r\n                                <div class=\"item-thumb\">\r\n                                    <a class=\"full-cover-link\" href=\"https:\/\/julieradiestesia.com\/es\/brincos-triskel\/\"><\/a>\r\n                                    \r\n<img decoding=\"async\" src=\"https:\/\/julieradiestesia.com\/wp-content\/uploads\/bfi_thumb\/dummy-transparent-rfbotm3tk6ayqh7l136d3v9paihjfo5sqcly3os5e0.png\" data-mk-image-src-set='{\"default\":\"https:\/\/julieradiestesia.com\/wp-content\/uploads\/2020\/09\/brincos-triskel-245x180.jpg\",\"2x\":\"https:\/\/julieradiestesia.com\/wp-content\/uploads\/2020\/09\/brincos-triskel-490x360.jpg\",\"mobile\":\"\",\"responsive\":\"true\"}' width=\"245\" height=\"180\" alt=\"Brincos Triskel\" title=\"Brincos Triskel\" loading=\"lazy\" \/>                                <\/div>\r\n\r\n                                <div class=\"detail-holder\">\r\n                                    <h5 class=\"item-title\">\r\n\t<a href=\"https:\/\/julieradiestesia.com\/es\/brincos-triskel\/\">Brincos Triskel<\/a>\r\n<\/h5>                                                                    <\/div>\r\n\r\n                            <\/div>\r\n                        <\/li>\r\n\r\n                    \r\n                        <li>\r\n                            <div class=\"item-holder\">\r\n\r\n                                <div class=\"item-thumb\">\r\n                                    <a class=\"full-cover-link\" href=\"https:\/\/julieradiestesia.com\/es\/pingente-triskle\/\"><\/a>\r\n                                    \r\n<img decoding=\"async\" src=\"https:\/\/julieradiestesia.com\/wp-content\/uploads\/bfi_thumb\/dummy-transparent-rfbotm3tk6ayqh7l136d3v9paihjfo5sqcly3os5e0.png\" data-mk-image-src-set='{\"default\":\"https:\/\/julieradiestesia.com\/wp-content\/uploads\/2020\/09\/pingente-triskle-245x180.jpg\",\"2x\":\"https:\/\/julieradiestesia.com\/wp-content\/uploads\/2020\/09\/pingente-triskle-490x360.jpg\",\"mobile\":\"\",\"responsive\":\"true\"}' width=\"245\" height=\"180\" alt=\"Pingente Triskle\" title=\"Pingente Triskle\" loading=\"lazy\" \/>                                <\/div>\r\n\r\n                                <div class=\"detail-holder\">\r\n                                    <h5 class=\"item-title\">\r\n\t<a href=\"https:\/\/julieradiestesia.com\/es\/pingente-triskle\/\">Pingente Triskle<\/a>\r\n<\/h5>                                                                    <\/div>\r\n\r\n                            <\/div>\r\n                        <\/li>\r\n\r\n                    \r\n                        <li>\r\n                            <div class=\"item-holder\">\r\n\r\n                                <div class=\"item-thumb\">\r\n                                    <a class=\"full-cover-link\" href=\"https:\/\/julieradiestesia.com\/es\/anel-raio-branco\/\"><\/a>\r\n                                    \r\n<img loading=\"lazy\" decoding=\"async\" src=\"https:\/\/julieradiestesia.com\/wp-content\/uploads\/bfi_thumb\/dummy-transparent-rfbotm3tk6ayqh7l136d3v9paihjfo5sqcly3os5e0.png\" data-mk-image-src-set='{\"default\":\"https:\/\/julieradiestesia.com\/wp-content\/uploads\/2020\/09\/anel-raio-branco-245x180.jpg\",\"2x\":\"https:\/\/julieradiestesia.com\/wp-content\/uploads\/2020\/09\/anel-raio-branco-490x360.jpg\",\"mobile\":\"\",\"responsive\":\"true\"}' width=\"245\" height=\"180\" alt=\"Anel Raio Branco\" title=\"Anel Raio Branco\" \/>                                <\/div>\r\n\r\n                                <div class=\"detail-holder\">\r\n                                    <h5 class=\"item-title\">\r\n\t<a href=\"https:\/\/julieradiestesia.com\/es\/anel-raio-branco\/\">Anel Raio Branco<\/a>\r\n<\/h5>                                                                    <\/div>\r\n\r\n                            <\/div>\r\n                        <\/li>\r\n\r\n                    \r\n                        <li>\r\n                            <div class=\"item-holder\">\r\n\r\n                                <div class=\"item-thumb\">\r\n                                    <a class=\"full-cover-link\" href=\"https:\/\/julieradiestesia.com\/es\/anel-raio-dourado\/\"><\/a>\r\n                                    \r\n<img loading=\"lazy\" decoding=\"async\" src=\"https:\/\/julieradiestesia.com\/wp-content\/uploads\/bfi_thumb\/dummy-transparent-rfbotm3tk6ayqh7l136d3v9paihjfo5sqcly3os5e0.png\" data-mk-image-src-set='{\"default\":\"https:\/\/julieradiestesia.com\/wp-content\/uploads\/2020\/09\/anel-raio-dourado-245x180.jpg\",\"2x\":\"https:\/\/julieradiestesia.com\/wp-content\/uploads\/2020\/09\/anel-raio-dourado-490x360.jpg\",\"mobile\":\"\",\"responsive\":\"true\"}' width=\"245\" height=\"180\" alt=\"Anel Raio Dourado\" title=\"Anel Raio Dourado\" \/>                                <\/div>\r\n\r\n                                <div class=\"detail-holder\">\r\n                                    <h5 class=\"item-title\">\r\n\t<a href=\"https:\/\/julieradiestesia.com\/es\/anel-raio-dourado\/\">Anel Raio Dourado<\/a>\r\n<\/h5>                                                                    <\/div>\r\n\r\n                            <\/div>\r\n                        <\/li>\r\n\r\n                    \r\n                        <li>\r\n                            <div class=\"item-holder\">\r\n\r\n                                <div class=\"item-thumb\">\r\n                                    <a class=\"full-cover-link\" href=\"https:\/\/julieradiestesia.com\/es\/anel-raio-rosa\/\"><\/a>\r\n                                    \r\n<img loading=\"lazy\" decoding=\"async\" src=\"https:\/\/julieradiestesia.com\/wp-content\/uploads\/bfi_thumb\/dummy-transparent-rfbotm3tk6ayqh7l136d3v9paihjfo5sqcly3os5e0.png\" data-mk-image-src-set='{\"default\":\"https:\/\/julieradiestesia.com\/wp-content\/uploads\/2020\/09\/anel-raio-rosa-245x180.jpg\",\"2x\":\"https:\/\/julieradiestesia.com\/wp-content\/uploads\/2020\/09\/anel-raio-rosa-490x360.jpg\",\"mobile\":\"\",\"responsive\":\"true\"}' width=\"245\" height=\"180\" alt=\"Anel Raio Rosa\" title=\"Anel Raio Rosa\" \/>                                <\/div>\r\n\r\n                                <div class=\"detail-holder\">\r\n                                    <h5 class=\"item-title\">\r\n\t<a href=\"https:\/\/julieradiestesia.com\/es\/anel-raio-rosa\/\">Anel Raio Rosa<\/a>\r\n<\/h5>                                                                    <\/div>\r\n\r\n                            <\/div>\r\n                        <\/li>\r\n\r\n                    \r\n                        <li>\r\n                            <div class=\"item-holder\">\r\n\r\n                                <div class=\"item-thumb\">\r\n                                    <a class=\"full-cover-link\" href=\"https:\/\/julieradiestesia.com\/es\/brincos-flor-de-lis\/\"><\/a>\r\n                                    \r\n<img loading=\"lazy\" decoding=\"async\" src=\"https:\/\/julieradiestesia.com\/wp-content\/uploads\/bfi_thumb\/dummy-transparent-rfbotm3tk6ayqh7l136d3v9paihjfo5sqcly3os5e0.png\" data-mk-image-src-set='{\"default\":\"https:\/\/julieradiestesia.com\/wp-content\/uploads\/2020\/09\/brincos-flor-de-lis-245x180.jpg\",\"2x\":\"https:\/\/julieradiestesia.com\/wp-content\/uploads\/2020\/09\/brincos-flor-de-lis-490x360.jpg\",\"mobile\":\"\",\"responsive\":\"true\"}' width=\"245\" height=\"180\" alt=\"Brincos Flor de Lis\" title=\"Brincos Flor de Lis\" \/>                                <\/div>\r\n\r\n                                <div class=\"detail-holder\">\r\n                                    <h5 class=\"item-title\">\r\n\t<a href=\"https:\/\/julieradiestesia.com\/es\/brincos-flor-de-lis\/\">Brincos Flor de Lis<\/a>\r\n<\/h5>                                                                    <\/div>\r\n\r\n                            <\/div>\r\n                        <\/li>\r\n\r\n                    \r\n                        <li>\r\n                            <div class=\"item-holder\">\r\n\r\n                                <div class=\"item-thumb\">\r\n                                    <a class=\"full-cover-link\" href=\"https:\/\/julieradiestesia.com\/es\/anel-flor-de-lis\/\"><\/a>\r\n                                    \r\n<img loading=\"lazy\" decoding=\"async\" src=\"https:\/\/julieradiestesia.com\/wp-content\/uploads\/bfi_thumb\/dummy-transparent-rfbotm3tk6ayqh7l136d3v9paihjfo5sqcly3os5e0.png\" data-mk-image-src-set='{\"default\":\"https:\/\/julieradiestesia.com\/wp-content\/uploads\/2020\/09\/anel-flor-de-lis-245x180.jpg\",\"2x\":\"https:\/\/julieradiestesia.com\/wp-content\/uploads\/2020\/09\/anel-flor-de-lis-490x360.jpg\",\"mobile\":\"\",\"responsive\":\"true\"}' width=\"245\" height=\"180\" alt=\"Anel Flor de Lis\" title=\"Anel Flor de Lis\" \/>                                <\/div>\r\n\r\n                                <div class=\"detail-holder\">\r\n                                    <h5 class=\"item-title\">\r\n\t<a href=\"https:\/\/julieradiestesia.com\/es\/anel-flor-de-lis\/\">Anel Flor de Lis<\/a>\r\n<\/h5>                                                                    <\/div>\r\n\r\n                            <\/div>\r\n                        <\/li>\r\n\r\n                    \r\n                        <li>\r\n                            <div class=\"item-holder\">\r\n\r\n                                <div class=\"item-thumb\">\r\n                                    <a class=\"full-cover-link\" href=\"https:\/\/julieradiestesia.com\/es\/pingente-flor-de-lis\/\"><\/a>\r\n                                    \r\n<img loading=\"lazy\" decoding=\"async\" src=\"https:\/\/julieradiestesia.com\/wp-content\/uploads\/bfi_thumb\/dummy-transparent-rfbotm3tk6ayqh7l136d3v9paihjfo5sqcly3os5e0.png\" data-mk-image-src-set='{\"default\":\"https:\/\/julieradiestesia.com\/wp-content\/uploads\/2020\/09\/pingente-flor-de-lis-245x180.jpg\",\"2x\":\"https:\/\/julieradiestesia.com\/wp-content\/uploads\/2020\/09\/pingente-flor-de-lis-490x360.jpg\",\"mobile\":\"\",\"responsive\":\"true\"}' width=\"245\" height=\"180\" alt=\"Pingente Flor de Lis\" title=\"Pingente Flor de Lis\" \/>                                <\/div>\r\n\r\n                                <div class=\"detail-holder\">\r\n                                    <h5 class=\"item-title\">\r\n\t<a href=\"https:\/\/julieradiestesia.com\/es\/pingente-flor-de-lis\/\">Pingente Flor de Lis<\/a>\r\n<\/h5>                                                                    <\/div>\r\n\r\n                            <\/div>\r\n                        <\/li>\r\n\r\n                    \r\n                        <li>\r\n                            <div class=\"item-holder\">\r\n\r\n                                <div class=\"item-thumb\">\r\n                                    <a class=\"full-cover-link\" href=\"https:\/\/julieradiestesia.com\/es\/flor-da-vida-folheada-em-prata\/\"><\/a>\r\n                                    \r\n<img loading=\"lazy\" decoding=\"async\" src=\"https:\/\/julieradiestesia.com\/wp-content\/uploads\/bfi_thumb\/dummy-transparent-rfbotm3tk6ayqh7l136d3v9paihjfo5sqcly3os5e0.png\" data-mk-image-src-set='{\"default\":\"https:\/\/julieradiestesia.com\/wp-content\/uploads\/2020\/09\/flor-da-vida-folheada-em-prata-novo-245x180.jpg\",\"2x\":\"https:\/\/julieradiestesia.com\/wp-content\/uploads\/2020\/09\/flor-da-vida-folheada-em-prata-novo-490x360.jpg\",\"mobile\":\"\",\"responsive\":\"true\"}' width=\"245\" height=\"180\" alt=\"Flor da vida Folheada em Prata\" title=\"Flor da vida Folheada em Prata\" \/>                                <\/div>\r\n\r\n                                <div class=\"detail-holder\">\r\n                                    <h5 class=\"item-title\">\r\n\t<a href=\"https:\/\/julieradiestesia.com\/es\/flor-da-vida-folheada-em-prata\/\">Flor da vida Folheada em Prata<\/a>\r\n<\/h5>                                                                    <\/div>\r\n\r\n                            <\/div>\r\n                        <\/li>\r\n\r\n                    \r\n                        <li>\r\n                            <div class=\"item-holder\">\r\n\r\n                                <div class=\"item-thumb\">\r\n                                    <a class=\"full-cover-link\" href=\"https:\/\/julieradiestesia.com\/es\/flor-da-vida-folheada-em-ouro\/\"><\/a>\r\n                                    \r\n<img loading=\"lazy\" decoding=\"async\" src=\"https:\/\/julieradiestesia.com\/wp-content\/uploads\/bfi_thumb\/dummy-transparent-rfbotm3tk6ayqh7l136d3v9paihjfo5sqcly3os5e0.png\" data-mk-image-src-set='{\"default\":\"https:\/\/julieradiestesia.com\/wp-content\/uploads\/2020\/09\/flor-da-vida-folheada-em-ouro-novo-245x180.jpg\",\"2x\":\"https:\/\/julieradiestesia.com\/wp-content\/uploads\/2020\/09\/flor-da-vida-folheada-em-ouro-novo-490x360.jpg\",\"mobile\":\"\",\"responsive\":\"true\"}' width=\"245\" height=\"180\" alt=\"Flor da vida Folheada em Ouro\" title=\"Flor da vida Folheada em Ouro\" \/>                                <\/div>\r\n\r\n                                <div class=\"detail-holder\">\r\n                                    <h5 class=\"item-title\">\r\n\t<a href=\"https:\/\/julieradiestesia.com\/es\/flor-da-vida-folheada-em-ouro\/\">Flor da vida Folheada em Ouro<\/a>\r\n<\/h5>                                                                    <\/div>\r\n\r\n                            <\/div>\r\n                        <\/li>\r\n\r\n                            <\/ul>\r\n    <\/div>\r\n    <div class=\"clearboth\"><\/div>\r\n<\/div>\r\n<\/div>\r\n\t<\/div>\n<\/div>","protected":false},"excerpt":{"rendered":"Dois tamanhosmenor 2,9 cm = R$ 242,00 COMPRAR maior 3,60cm = R$ 305,00 COMPRAR","protected":false},"author":1,"featured_media":0,"parent":0,"menu_order":0,"comment_status":"closed","ping_status":"closed","template":"","meta":{"_joinchat":[],"footnotes":""},"class_list":["post-6964","page","type-page","status-publish","hentry"],"yoast_head":"<!-- This site is optimized with the Yoast SEO plugin v27.4 - https:\/\/yoast.com\/product\/yoast-seo-wordpress\/ -->\n<title>Joias que Curam - Juli\u00e9 de Sousa<\/title>\n<meta name=\"robots\" content=\"index, follow, max-snippet:-1, max-image-preview:large, max-video-preview:-1\" \/>\n<link rel=\"canonical\" href=\"https:\/\/julieradiestesia.com\/es\/joias-que-curam\/\" \/>\n<meta property=\"og:locale\" content=\"es_ES\" \/>\n<meta property=\"og:type\" content=\"article\" \/>\n<meta property=\"og:title\" content=\"Joias que Curam - Juli\u00e9 de Sousa\" \/>\n<meta property=\"og:url\" content=\"https:\/\/julieradiestesia.com\/es\/joias-que-curam\/\" \/>\n<meta property=\"og:site_name\" content=\"Juli\u00e9 de Sousa\" \/>\n<meta property=\"article:modified_time\" content=\"2020-10-10T00:44:47+00:00\" \/>\n<meta name=\"twitter:card\" content=\"summary_large_image\" \/>\n<meta name=\"twitter:label1\" content=\"Tiempo de lectura\" \/>\n\t<meta name=\"twitter:data1\" content=\"2 minutos\" \/>\n<script type=\"application\/ld+json\" class=\"yoast-schema-graph\">{\"@context\":\"https:\\\/\\\/schema.org\",\"@graph\":[{\"@type\":\"WebPage\",\"@id\":\"https:\\\/\\\/julieradiestesia.com\\\/joias-que-curam\\\/\",\"url\":\"https:\\\/\\\/julieradiestesia.com\\\/joias-que-curam\\\/\",\"name\":\"Joias que Curam - Juli\u00e9 de Sousa\",\"isPartOf\":{\"@id\":\"https:\\\/\\\/julieradiestesia.com\\\/#website\"},\"datePublished\":\"2020-09-22T01:34:45+00:00\",\"dateModified\":\"2020-10-10T00:44:47+00:00\",\"breadcrumb\":{\"@id\":\"https:\\\/\\\/julieradiestesia.com\\\/joias-que-curam\\\/#breadcrumb\"},\"inLanguage\":\"es\",\"potentialAction\":[{\"@type\":\"ReadAction\",\"target\":[\"https:\\\/\\\/julieradiestesia.com\\\/joias-que-curam\\\/\"]}]},{\"@type\":\"BreadcrumbList\",\"@id\":\"https:\\\/\\\/julieradiestesia.com\\\/joias-que-curam\\\/#breadcrumb\",\"itemListElement\":[{\"@type\":\"ListItem\",\"position\":1,\"name\":\"In\u00edcio\",\"item\":\"https:\\\/\\\/julieradiestesia.com\\\/\"},{\"@type\":\"ListItem\",\"position\":2,\"name\":\"Joias que Curam\"}]},{\"@type\":\"WebSite\",\"@id\":\"https:\\\/\\\/julieradiestesia.com\\\/#website\",\"url\":\"https:\\\/\\\/julieradiestesia.com\\\/\",\"name\":\"Juli\u00e9 de Sousa\",\"description\":\"Radiestesia e Terapia Qu\u00e2ntica\",\"publisher\":{\"@id\":\"https:\\\/\\\/julieradiestesia.com\\\/#organization\"},\"potentialAction\":[{\"@type\":\"SearchAction\",\"target\":{\"@type\":\"EntryPoint\",\"urlTemplate\":\"https:\\\/\\\/julieradiestesia.com\\\/?s={search_term_string}\"},\"query-input\":{\"@type\":\"PropertyValueSpecification\",\"valueRequired\":true,\"valueName\":\"search_term_string\"}}],\"inLanguage\":\"es\"},{\"@type\":\"Organization\",\"@id\":\"https:\\\/\\\/julieradiestesia.com\\\/#organization\",\"name\":\"Juli\u00e9 de Sousa\",\"url\":\"https:\\\/\\\/julieradiestesia.com\\\/\",\"logo\":{\"@type\":\"ImageObject\",\"inLanguage\":\"es\",\"@id\":\"https:\\\/\\\/julieradiestesia.com\\\/#\\\/schema\\\/logo\\\/image\\\/\",\"url\":\"https:\\\/\\\/julieradiestesia.com\\\/wp-content\\\/uploads\\\/2020\\\/05\\\/logo1.png\",\"contentUrl\":\"https:\\\/\\\/julieradiestesia.com\\\/wp-content\\\/uploads\\\/2020\\\/05\\\/logo1.png\",\"width\":800,\"height\":300,\"caption\":\"Juli\u00e9 de Sousa\"},\"image\":{\"@id\":\"https:\\\/\\\/julieradiestesia.com\\\/#\\\/schema\\\/logo\\\/image\\\/\"}}]}<\/script>\n<!-- \/ Yoast SEO plugin. -->","yoast_head_json":{"title":"Joias que Curam - Juli\u00e9 de Sousa","robots":{"index":"index","follow":"follow","max-snippet":"max-snippet:-1","max-image-preview":"max-image-preview:large","max-video-preview":"max-video-preview:-1"},"canonical":"https:\/\/julieradiestesia.com\/es\/joias-que-curam\/","og_locale":"es_ES","og_type":"article","og_title":"Joias que Curam - Juli\u00e9 de Sousa","og_url":"https:\/\/julieradiestesia.com\/es\/joias-que-curam\/","og_site_name":"Juli\u00e9 de Sousa","article_modified_time":"2020-10-10T00:44:47+00:00","twitter_card":"summary_large_image","twitter_misc":{"Tiempo de lectura":"2 minutos"},"schema":{"@context":"https:\/\/schema.org","@graph":[{"@type":"WebPage","@id":"https:\/\/julieradiestesia.com\/joias-que-curam\/","url":"https:\/\/julieradiestesia.com\/joias-que-curam\/","name":"Joias que Curam - Juli\u00e9 de Sousa","isPartOf":{"@id":"https:\/\/julieradiestesia.com\/#website"},"datePublished":"2020-09-22T01:34:45+00:00","dateModified":"2020-10-10T00:44:47+00:00","breadcrumb":{"@id":"https:\/\/julieradiestesia.com\/joias-que-curam\/#breadcrumb"},"inLanguage":"es","potentialAction":[{"@type":"ReadAction","target":["https:\/\/julieradiestesia.com\/joias-que-curam\/"]}]},{"@type":"BreadcrumbList","@id":"https:\/\/julieradiestesia.com\/joias-que-curam\/#breadcrumb","itemListElement":[{"@type":"ListItem","position":1,"name":"In\u00edcio","item":"https:\/\/julieradiestesia.com\/"},{"@type":"ListItem","position":2,"name":"Joias que Curam"}]},{"@type":"WebSite","@id":"https:\/\/julieradiestesia.com\/#website","url":"https:\/\/julieradiestesia.com\/","name":"Juli\u00e9 de Sousa","description":"Radiestesia e Terapia Qu\u00e2ntica","publisher":{"@id":"https:\/\/julieradiestesia.com\/#organization"},"potentialAction":[{"@type":"SearchAction","target":{"@type":"EntryPoint","urlTemplate":"https:\/\/julieradiestesia.com\/?s={search_term_string}"},"query-input":{"@type":"PropertyValueSpecification","valueRequired":true,"valueName":"search_term_string"}}],"inLanguage":"es"},{"@type":"Organization","@id":"https:\/\/julieradiestesia.com\/#organization","name":"Juli\u00e9 de Sousa","url":"https:\/\/julieradiestesia.com\/","logo":{"@type":"ImageObject","inLanguage":"es","@id":"https:\/\/julieradiestesia.com\/#\/schema\/logo\/image\/","url":"https:\/\/julieradiestesia.com\/wp-content\/uploads\/2020\/05\/logo1.png","contentUrl":"https:\/\/julieradiestesia.com\/wp-content\/uploads\/2020\/05\/logo1.png","width":800,"height":300,"caption":"Juli\u00e9 de Sousa"},"image":{"@id":"https:\/\/julieradiestesia.com\/#\/schema\/logo\/image\/"}}]}},"_links":{"self":[{"href":"https:\/\/julieradiestesia.com\/es\/wp-json\/wp\/v2\/pages\/6964","targetHints":{"allow":["GET"]}}],"collection":[{"href":"https:\/\/julieradiestesia.com\/es\/wp-json\/wp\/v2\/pages"}],"about":[{"href":"https:\/\/julieradiestesia.com\/es\/wp-json\/wp\/v2\/types\/page"}],"author":[{"embeddable":true,"href":"https:\/\/julieradiestesia.com\/es\/wp-json\/wp\/v2\/users\/1"}],"replies":[{"embeddable":true,"href":"https:\/\/julieradiestesia.com\/es\/wp-json\/wp\/v2\/comments?post=6964"}],"version-history":[{"count":8,"href":"https:\/\/julieradiestesia.com\/es\/wp-json\/wp\/v2\/pages\/6964\/revisions"}],"predecessor-version":[{"id":7088,"href":"https:\/\/julieradiestesia.com\/es\/wp-json\/wp\/v2\/pages\/6964\/revisions\/7088"}],"wp:attachment":[{"href":"https:\/\/julieradiestesia.com\/es\/wp-json\/wp\/v2\/media?parent=6964"}],"curies":[{"name":"wp","href":"https:\/\/api.w.org\/{rel}","templated":true}]}}