{"id":6986,"date":"2020-09-30T02:17:12","date_gmt":"2020-09-30T02:17:12","guid":{"rendered":"https:\/\/julieradiestesia.com\/?page_id=6986"},"modified":"2020-09-30T02:45:13","modified_gmt":"2020-09-30T02:45:13","slug":"pendulos","status":"publish","type":"page","link":"https:\/\/julieradiestesia.com\/es\/pendulos\/","title":{"rendered":"P\u00eandulos"},"content":{"rendered":"<div class=\"wpb-content-wrapper\"><div  data-mk-stretch-content=\"true\" class=\"wpb_row vc_row vc_row-fluid jupiter-donut- mk-fullwidth-false  attched-false     js-master-row  mk-grid\">\r\n\t\t\t\t\r\n<div class=\"vc_col-sm-6 wpb_column column_container  jupiter-donut- _ jupiter-donut-height-full\">\r\n\t\r\n\t<div  class=\"wpb_single_image wpb_content_element vc_align_left wpb_content_element\">\r\n\t\t\r\n\t\t<figure class=\"wpb_wrapper vc_figure\">\r\n\t\t\t<div class=\"vc_single_image-wrapper   vc_box_border_grey\"><img fetchpriority=\"high\" decoding=\"async\" width=\"1024\" height=\"1024\" src=\"https:\/\/julieradiestesia.com\/wp-content\/uploads\/2020\/09\/pendulo-karnak-1024x1024.jpg\" class=\"vc_single_image-img attachment-large\" alt=\"\" title=\"pendulo-karnak\" srcset=\"https:\/\/julieradiestesia.com\/wp-content\/uploads\/2020\/09\/pendulo-karnak-1024x1024.jpg 1024w, https:\/\/julieradiestesia.com\/wp-content\/uploads\/2020\/09\/pendulo-karnak-300x300.jpg 300w, https:\/\/julieradiestesia.com\/wp-content\/uploads\/2020\/09\/pendulo-karnak-150x150.jpg 150w, https:\/\/julieradiestesia.com\/wp-content\/uploads\/2020\/09\/pendulo-karnak-768x768.jpg 768w, https:\/\/julieradiestesia.com\/wp-content\/uploads\/2020\/09\/pendulo-karnak.jpg 900w\" sizes=\"(max-width: 1024px) 100vw, 1024px\" itemprop=\"image\" \/><\/div>\r\n\t\t<\/figure>\r\n\t<\/div>\r\n<\/div>\r\n\r\n<div class=\"vc_col-sm-6 wpb_column column_container  jupiter-donut- _ jupiter-donut-height-full\">\r\n\t\r\n<h3  id=\"mk-title-box-3\" class=\"mk-title-box jupiter-donut-clearfix  jupiter-donut-\">\r\n\t<span><\/p>\n<h1><strong>P\u00eandulos<\/strong><\/h1>\n<p><\/span>\r\n<\/h3>\r\n\r\n\t<div class=\"vc_custom_1601432871016\">\r\n\r\n<div id=\"text-block-4\" class=\"mk-text-block  jupiter-donut-\">\r\n\r\n\t\r\n\t<p>O p\u00eandulo \u00e9 um instrumento radiest\u00e9sico que faz com que certas vibra\u00e7\u00f5es do Universo sejam percebidas pelo subconsciente da pessoa. Trata-se de um peso na ponta de um fio flex\u00edvel e resistente. Recomendo o uso de p\u00eandulos de madeira, sendo que eles n\u00e3o se carregam das energias que possa existir no ambiente ou pelos tests feitos para pessoas, lugares ou animais de estima\u00e7\u00e3o.<br \/>\nOs p\u00eandulos ser\u00e3o programados para o uso de cada pessoa. Para o qual preciso que seja enviado seu nome completo e data de nascimento, junto com o comprovante da compra no nosso numero de Whatsapp.<br \/>\nEm caso, prefira consultar previamente que pendulo poderia ser o ideal para voc\u00ea comprar e usar, se comunique com n\u00f3s, nosso numero de whatsaap ou redes s\u00f3cias.<\/p>\n<p>Cada p\u00eandulo vem com um manual de instru\u00e7\u00f5es b\u00e1sicas sobre Radiestesia.<\/p>\n<p>Namast\u00ea \ud83d\ude4f\u2728<\/p>\n<p>\u03c6\u221e Juli\u00e9 De Sousa \u221e\u03c6<br \/>\nTerapeuta de Radiestesia<\/p>\n<p><a href=\"https:\/\/www.facebook.com\/radiestesiaterapia\">www.Facebook.com\/Radiestesiaterapia<\/a><br \/>\nInstagram: <a href=\"https:\/\/instagram.com\/Radiestesiaterapia\">@Radiestesiaterapia<\/a><\/p>\n\r\n\t<div class=\"clearboth\"><\/div>\r\n<\/div>\r\n\r\n\t<\/div>\r\n<\/div>\r\n\t<\/div>\r\n\r\n<div  data-mk-stretch-content=\"true\" class=\"wpb_row vc_row vc_row-fluid jupiter-donut- mk-fullwidth-false  attched-false     js-master-row  mk-grid\">\r\n\t\t\t\t\r\n<div class=\"vc_col-sm-12 wpb_column column_container  jupiter-donut- _ jupiter-donut-height-full\">\r\n\t\r\n<div class=\"posts-carousel   jupiter-donut-\">\r\n\r\n    \r\n    <div class=\"mk-flexslider mk-script-call js-flexslider\" data-animation=\"slide\" data-easing=\"swing\" data-direction=\"horizontal\" data-smoothheight=\"false\" data-slideshowspeed=\"4000\" data-animationspeed=\"500\" data-pauseonhover=\"true\" data-controlnav=\"false\" data-directionnav=\"true\" data-iscarousel=\"true\" data-itemwidth=\"260\" data-itemmargin=\"0\" data-minitems=\"1\" data-maxitems=\"4\" data-move=\"1\">\r\n        <ul class=\"mk-flex-slides\">\r\n\r\n            \r\n                        <li>\r\n                            <div class=\"item-holder\">\r\n\r\n                                <div class=\"item-thumb\">\r\n                                    <a class=\"full-cover-link\" href=\"https:\/\/julieradiestesia.com\/es\/pendulo-egipcio-com-4-baterias\/\"><\/a>\r\n                                    \r\n<img decoding=\"async\" src=\"https:\/\/julieradiestesia.com\/wp-content\/uploads\/bfi_thumb\/dummy-transparent-rfbotm3tk6ayqh7l136d3v9paihjfo5sqcly3os5e0.png\" data-mk-image-src-set='{\"default\":\"https:\/\/julieradiestesia.com\/wp-content\/uploads\/2020\/09\/pendulo-egipcio-com-4-baterias-245x180.jpg\",\"2x\":\"https:\/\/julieradiestesia.com\/wp-content\/uploads\/2020\/09\/pendulo-egipcio-com-4-baterias-490x360.jpg\",\"mobile\":\"\",\"responsive\":\"true\"}' width=\"245\" height=\"180\" alt=\"P\u00eandulo Eg\u00edpcio com 4 baterias\" title=\"P\u00eandulo Eg\u00edpcio com 4 baterias\" loading=\"lazy\" \/>                                <\/div>\r\n\r\n                                <div class=\"detail-holder\">\r\n                                    <h5 class=\"item-title\">\r\n\t<a href=\"https:\/\/julieradiestesia.com\/es\/pendulo-egipcio-com-4-baterias\/\">P\u00eandulo Eg\u00edpcio com 4 baterias<\/a>\r\n<\/h5>                                                                    <\/div>\r\n\r\n                            <\/div>\r\n                        <\/li>\r\n\r\n                    \r\n                        <li>\r\n                            <div class=\"item-holder\">\r\n\r\n                                <div class=\"item-thumb\">\r\n                                    <a class=\"full-cover-link\" href=\"https:\/\/julieradiestesia.com\/es\/pendulo-egipcio-com-2-baterias\/\"><\/a>\r\n                                    \r\n<img decoding=\"async\" src=\"https:\/\/julieradiestesia.com\/wp-content\/uploads\/bfi_thumb\/dummy-transparent-rfbotm3tk6ayqh7l136d3v9paihjfo5sqcly3os5e0.png\" data-mk-image-src-set='{\"default\":\"https:\/\/julieradiestesia.com\/wp-content\/uploads\/2020\/09\/pendulo-egipcio-com-2-baterias-245x180.jpg\",\"2x\":\"https:\/\/julieradiestesia.com\/wp-content\/uploads\/2020\/09\/pendulo-egipcio-com-2-baterias-490x360.jpg\",\"mobile\":\"\",\"responsive\":\"true\"}' width=\"245\" height=\"180\" alt=\"P\u00eandulo Eg\u00edpcio com 2 Baterias\" title=\"P\u00eandulo Eg\u00edpcio com 2 Baterias\" loading=\"lazy\" \/>                                <\/div>\r\n\r\n                                <div class=\"detail-holder\">\r\n                                    <h5 class=\"item-title\">\r\n\t<a href=\"https:\/\/julieradiestesia.com\/es\/pendulo-egipcio-com-2-baterias\/\">P\u00eandulo Eg\u00edpcio com 2 Baterias<\/a>\r\n<\/h5>                                                                    <\/div>\r\n\r\n                            <\/div>\r\n                        <\/li>\r\n\r\n                    \r\n                        <li>\r\n                            <div class=\"item-holder\">\r\n\r\n                                <div class=\"item-thumb\">\r\n                                    <a class=\"full-cover-link\" href=\"https:\/\/julieradiestesia.com\/es\/pendulo-karnak\/\"><\/a>\r\n                                    \r\n<img loading=\"lazy\" decoding=\"async\" src=\"https:\/\/julieradiestesia.com\/wp-content\/uploads\/bfi_thumb\/dummy-transparent-rfbotm3tk6ayqh7l136d3v9paihjfo5sqcly3os5e0.png\" data-mk-image-src-set='{\"default\":\"https:\/\/julieradiestesia.com\/wp-content\/uploads\/2020\/09\/pendulo-karnak-245x180.jpg\",\"2x\":\"https:\/\/julieradiestesia.com\/wp-content\/uploads\/2020\/09\/pendulo-karnak-490x360.jpg\",\"mobile\":\"\",\"responsive\":\"true\"}' width=\"245\" height=\"180\" alt=\"P\u00eandulo Karnak\" title=\"P\u00eandulo Karnak\" \/>                                <\/div>\r\n\r\n                                <div class=\"detail-holder\">\r\n                                    <h5 class=\"item-title\">\r\n\t<a href=\"https:\/\/julieradiestesia.com\/es\/pendulo-karnak\/\">P\u00eandulo Karnak<\/a>\r\n<\/h5>                                                                    <\/div>\r\n\r\n                            <\/div>\r\n                        <\/li>\r\n\r\n                            <\/ul>\r\n    <\/div>\r\n    <div class=\"clearboth\"><\/div>\r\n<\/div>\r\n<\/div>\r\n\t<\/div>\n<\/div>","protected":false},"excerpt":{"rendered":"R$ 149,41 COMPRAR","protected":false},"author":1,"featured_media":0,"parent":0,"menu_order":0,"comment_status":"closed","ping_status":"closed","template":"","meta":{"_joinchat":[],"footnotes":""},"class_list":["post-6986","page","type-page","status-publish","hentry"],"yoast_head":"<!-- This site is optimized with the Yoast SEO plugin v27.4 - https:\/\/yoast.com\/product\/yoast-seo-wordpress\/ -->\n<title>P\u00eandulos - Juli\u00e9 de Sousa<\/title>\n<meta name=\"robots\" content=\"index, follow, max-snippet:-1, max-image-preview:large, max-video-preview:-1\" \/>\n<link rel=\"canonical\" href=\"https:\/\/julieradiestesia.com\/es\/pendulos\/\" \/>\n<meta property=\"og:locale\" content=\"es_ES\" \/>\n<meta property=\"og:type\" content=\"article\" \/>\n<meta property=\"og:title\" content=\"P\u00eandulos - Juli\u00e9 de Sousa\" \/>\n<meta property=\"og:url\" content=\"https:\/\/julieradiestesia.com\/es\/pendulos\/\" \/>\n<meta property=\"og:site_name\" content=\"Juli\u00e9 de Sousa\" \/>\n<meta property=\"article:modified_time\" content=\"2020-09-30T02:45:13+00:00\" \/>\n<meta name=\"twitter:card\" content=\"summary_large_image\" \/>\n<meta name=\"twitter:label1\" content=\"Tiempo de lectura\" \/>\n\t<meta name=\"twitter:data1\" content=\"1 minuto\" \/>\n<script type=\"application\/ld+json\" class=\"yoast-schema-graph\">{\"@context\":\"https:\\\/\\\/schema.org\",\"@graph\":[{\"@type\":\"WebPage\",\"@id\":\"https:\\\/\\\/julieradiestesia.com\\\/pendulos\\\/\",\"url\":\"https:\\\/\\\/julieradiestesia.com\\\/pendulos\\\/\",\"name\":\"P\u00eandulos - Juli\u00e9 de Sousa\",\"isPartOf\":{\"@id\":\"https:\\\/\\\/julieradiestesia.com\\\/#website\"},\"datePublished\":\"2020-09-30T02:17:12+00:00\",\"dateModified\":\"2020-09-30T02:45:13+00:00\",\"breadcrumb\":{\"@id\":\"https:\\\/\\\/julieradiestesia.com\\\/pendulos\\\/#breadcrumb\"},\"inLanguage\":\"es\",\"potentialAction\":[{\"@type\":\"ReadAction\",\"target\":[\"https:\\\/\\\/julieradiestesia.com\\\/pendulos\\\/\"]}]},{\"@type\":\"BreadcrumbList\",\"@id\":\"https:\\\/\\\/julieradiestesia.com\\\/pendulos\\\/#breadcrumb\",\"itemListElement\":[{\"@type\":\"ListItem\",\"position\":1,\"name\":\"In\u00edcio\",\"item\":\"https:\\\/\\\/julieradiestesia.com\\\/\"},{\"@type\":\"ListItem\",\"position\":2,\"name\":\"P\u00eandulos\"}]},{\"@type\":\"WebSite\",\"@id\":\"https:\\\/\\\/julieradiestesia.com\\\/#website\",\"url\":\"https:\\\/\\\/julieradiestesia.com\\\/\",\"name\":\"Juli\u00e9 de Sousa\",\"description\":\"Radiestesia e Terapia Qu\u00e2ntica\",\"publisher\":{\"@id\":\"https:\\\/\\\/julieradiestesia.com\\\/#organization\"},\"potentialAction\":[{\"@type\":\"SearchAction\",\"target\":{\"@type\":\"EntryPoint\",\"urlTemplate\":\"https:\\\/\\\/julieradiestesia.com\\\/?s={search_term_string}\"},\"query-input\":{\"@type\":\"PropertyValueSpecification\",\"valueRequired\":true,\"valueName\":\"search_term_string\"}}],\"inLanguage\":\"es\"},{\"@type\":\"Organization\",\"@id\":\"https:\\\/\\\/julieradiestesia.com\\\/#organization\",\"name\":\"Juli\u00e9 de Sousa\",\"url\":\"https:\\\/\\\/julieradiestesia.com\\\/\",\"logo\":{\"@type\":\"ImageObject\",\"inLanguage\":\"es\",\"@id\":\"https:\\\/\\\/julieradiestesia.com\\\/#\\\/schema\\\/logo\\\/image\\\/\",\"url\":\"https:\\\/\\\/julieradiestesia.com\\\/wp-content\\\/uploads\\\/2020\\\/05\\\/logo1.png\",\"contentUrl\":\"https:\\\/\\\/julieradiestesia.com\\\/wp-content\\\/uploads\\\/2020\\\/05\\\/logo1.png\",\"width\":800,\"height\":300,\"caption\":\"Juli\u00e9 de Sousa\"},\"image\":{\"@id\":\"https:\\\/\\\/julieradiestesia.com\\\/#\\\/schema\\\/logo\\\/image\\\/\"}}]}<\/script>\n<!-- \/ Yoast SEO plugin. -->","yoast_head_json":{"title":"P\u00eandulos - Juli\u00e9 de Sousa","robots":{"index":"index","follow":"follow","max-snippet":"max-snippet:-1","max-image-preview":"max-image-preview:large","max-video-preview":"max-video-preview:-1"},"canonical":"https:\/\/julieradiestesia.com\/es\/pendulos\/","og_locale":"es_ES","og_type":"article","og_title":"P\u00eandulos - Juli\u00e9 de Sousa","og_url":"https:\/\/julieradiestesia.com\/es\/pendulos\/","og_site_name":"Juli\u00e9 de Sousa","article_modified_time":"2020-09-30T02:45:13+00:00","twitter_card":"summary_large_image","twitter_misc":{"Tiempo de lectura":"1 minuto"},"schema":{"@context":"https:\/\/schema.org","@graph":[{"@type":"WebPage","@id":"https:\/\/julieradiestesia.com\/pendulos\/","url":"https:\/\/julieradiestesia.com\/pendulos\/","name":"P\u00eandulos - Juli\u00e9 de Sousa","isPartOf":{"@id":"https:\/\/julieradiestesia.com\/#website"},"datePublished":"2020-09-30T02:17:12+00:00","dateModified":"2020-09-30T02:45:13+00:00","breadcrumb":{"@id":"https:\/\/julieradiestesia.com\/pendulos\/#breadcrumb"},"inLanguage":"es","potentialAction":[{"@type":"ReadAction","target":["https:\/\/julieradiestesia.com\/pendulos\/"]}]},{"@type":"BreadcrumbList","@id":"https:\/\/julieradiestesia.com\/pendulos\/#breadcrumb","itemListElement":[{"@type":"ListItem","position":1,"name":"In\u00edcio","item":"https:\/\/julieradiestesia.com\/"},{"@type":"ListItem","position":2,"name":"P\u00eandulos"}]},{"@type":"WebSite","@id":"https:\/\/julieradiestesia.com\/#website","url":"https:\/\/julieradiestesia.com\/","name":"Juli\u00e9 de Sousa","description":"Radiestesia e Terapia Qu\u00e2ntica","publisher":{"@id":"https:\/\/julieradiestesia.com\/#organization"},"potentialAction":[{"@type":"SearchAction","target":{"@type":"EntryPoint","urlTemplate":"https:\/\/julieradiestesia.com\/?s={search_term_string}"},"query-input":{"@type":"PropertyValueSpecification","valueRequired":true,"valueName":"search_term_string"}}],"inLanguage":"es"},{"@type":"Organization","@id":"https:\/\/julieradiestesia.com\/#organization","name":"Juli\u00e9 de Sousa","url":"https:\/\/julieradiestesia.com\/","logo":{"@type":"ImageObject","inLanguage":"es","@id":"https:\/\/julieradiestesia.com\/#\/schema\/logo\/image\/","url":"https:\/\/julieradiestesia.com\/wp-content\/uploads\/2020\/05\/logo1.png","contentUrl":"https:\/\/julieradiestesia.com\/wp-content\/uploads\/2020\/05\/logo1.png","width":800,"height":300,"caption":"Juli\u00e9 de Sousa"},"image":{"@id":"https:\/\/julieradiestesia.com\/#\/schema\/logo\/image\/"}}]}},"_links":{"self":[{"href":"https:\/\/julieradiestesia.com\/es\/wp-json\/wp\/v2\/pages\/6986","targetHints":{"allow":["GET"]}}],"collection":[{"href":"https:\/\/julieradiestesia.com\/es\/wp-json\/wp\/v2\/pages"}],"about":[{"href":"https:\/\/julieradiestesia.com\/es\/wp-json\/wp\/v2\/types\/page"}],"author":[{"embeddable":true,"href":"https:\/\/julieradiestesia.com\/es\/wp-json\/wp\/v2\/users\/1"}],"replies":[{"embeddable":true,"href":"https:\/\/julieradiestesia.com\/es\/wp-json\/wp\/v2\/comments?post=6986"}],"version-history":[{"count":4,"href":"https:\/\/julieradiestesia.com\/es\/wp-json\/wp\/v2\/pages\/6986\/revisions"}],"predecessor-version":[{"id":7000,"href":"https:\/\/julieradiestesia.com\/es\/wp-json\/wp\/v2\/pages\/6986\/revisions\/7000"}],"wp:attachment":[{"href":"https:\/\/julieradiestesia.com\/es\/wp-json\/wp\/v2\/media?parent=6986"}],"curies":[{"name":"wp","href":"https:\/\/api.w.org\/{rel}","templated":true}]}}